{"id":33,"date":"2020-02-01T20:12:14","date_gmt":"2020-02-01T19:12:14","guid":{"rendered":"http:\/\/glocal.pb.edu.pl\/en\/?page_id=33"},"modified":"2023-04-06T15:36:40","modified_gmt":"2023-04-06T13:36:40","slug":"results","status":"publish","type":"page","link":"https:\/\/glocal.pb.edu.pl\/en\/results\/","title":{"rendered":"Results"},"content":{"rendered":"<div class=\"panel-group\" id=\"custom-collapse-0\">\n<div class=\"panel panel-default\">\n\t\t\t\t<div class=\"panel-heading\">\n\t\t\t\t\t<h4 class=\"panel-title\">\n\t\t\t\t\t\t<a class=\"collapsed\" data-toggle=\"collapse\" data-parent=\"#custom-collapse-0\" href=\"#custom-collapse-0-0\"><strong>O1 - SMALL GLOSSARY OF TECHNICAL TERMS FOR&nbsp; ENGLISH-POLISH-SPANISH-LITHUANIAN LANGUAGES - <\/strong>download for free <\/a>\n\t\t\t\t\t<\/h4>\n\t\t\t\t<\/div>\n\t\t\t\t<div id=\"custom-collapse-0-0\" class=\"panel-collapse collapse\">\n\t\t\t\t\t<div class=\"panel-body\">\n<div><a class=\"\" title=\"Download: O1 &#8211; SMALL GLOSSARY OF TECHNICAL TERMS FOR&nbsp; ENGLISH-POLISH-SPANISH-LITHUANIAN LANGUAGES\" href=\"https:\/\/glocal.pb.edu.pl\/en\/wp-content\/uploads\/sites\/2\/2020\/06\/Small-Glossary-of-technical-terms_GLOCAL_compressed-3.pdf\" target=\"_blank\" rel=\"noopener\" data-counter>O1 &#8211; SMALL GLOSSARY OF TECHNICAL TERMS FOR&nbsp; ENGLISH-POLISH-SPANISH-LITHUANIAN LANGUAGES <span>(1 MB)<\/span><\/a>  &nbsp; <span>Number of downloads: 80<\/span><\/div>\n<\/div>\n\t\t\t\t<\/div>\n\t\t\t<\/div>\n<div class=\"panel-group\" id=\"custom-collapse-1\"><\/div>\n<div class=\"panel panel-default\">\n\t\t\t\t<div class=\"panel-heading\">\n\t\t\t\t\t<h4 class=\"panel-title\">\n\t\t\t\t\t\t<a class=\"collapsed\" data-toggle=\"collapse\" data-parent=\"#custom-collapse-1\" href=\"#custom-collapse-1-1\"><strong>O2 - FUTURE OF THE CITY - <\/strong>download for free <\/a>\n\t\t\t\t\t<\/h4>\n\t\t\t\t<\/div>\n\t\t\t\t<div id=\"custom-collapse-1-1\" class=\"panel-collapse collapse\">\n\t\t\t\t\t<div class=\"panel-body\">\n<div><a class=\"pdf\" title=\"Download: O2 &#8211; FUTURE OF THE CITY\" href=\"https:\/\/glocal.pb.edu.pl\/en\/wp-content\/uploads\/sites\/2\/2022\/11\/O2_English_Future-of-the-city-2021-1.pdf\" target=\"_blank\" rel=\"noopener\" data-counter>O2 &#8211; FUTURE OF THE CITY <span>(5 MB)<\/span><\/a>  &nbsp; <span>Number of downloads: 35<\/span><\/div>\n<div><a class=\"\" title=\"Download: O2 &#8211; FUTURE OF THE CITY\" href=\"https:\/\/glocal.pb.edu.pl\/en\/wp-content\/uploads\/sites\/2\/2021\/11\/Future-of-the-city.pdf\" target=\"_blank\" rel=\"noopener\" data-counter>O2 &#8211; FUTURE OF THE CITY <span>(5 MB)<\/span><\/a>  &nbsp; <span>Number of downloads: 52<\/span><\/div>\n<\/div>\n\t\t\t\t<\/div>\n\t\t\t<\/div>\n<div class=\"panel-group\" id=\"custom-collapse-2\"><\/div>\n<div class=\"panel panel-default\">\n\t\t\t\t<div class=\"panel-heading\">\n\t\t\t\t\t<h4 class=\"panel-title\">\n\t\t\t\t\t\t<a class=\"collapsed\" data-toggle=\"collapse\" data-parent=\"#custom-collapse-2\" href=\"#custom-collapse-2-2\"><strong>O2- FUTURE OF THE CITY (multilingual version)<\/strong> - download for free<\/a>\n\t\t\t\t\t<\/h4>\n\t\t\t\t<\/div>\n\t\t\t\t<div id=\"custom-collapse-2-2\" class=\"panel-collapse collapse\">\n\t\t\t\t\t<div class=\"panel-body\">\n<div><a class=\"pdf\" title=\"Download: O2 &#8211; FUTURE OF THE CITY (multilingual version) \" href=\"https:\/\/glocal.pb.edu.pl\/en\/wp-content\/uploads\/sites\/2\/2022\/11\/O2_multilingual_Future-of-the-city-1.pdf\" target=\"_blank\" rel=\"noopener\" data-counter>O2 &#8211; FUTURE OF THE CITY (multilingual version)  <span>(6 MB)<\/span><\/a>  &nbsp; <span>Number of downloads: 19<\/span><\/div>\n<\/div>\n\t\t\t\t<\/div>\n\t\t\t<\/div>\n<div class=\"panel-group\" id=\"custom-collapse-3\"><\/div>\n<div class=\"panel panel-default\">\n\t\t\t\t<div class=\"panel-heading\">\n\t\t\t\t\t<h4 class=\"panel-title\">\n\t\t\t\t\t\t<a class=\"collapsed\" data-toggle=\"collapse\" data-parent=\"#custom-collapse-3\" href=\"#custom-collapse-3-3\"><strong>O3- URBAN PUBLIC SPACES: <em>MADRID, BIALYSTOK, KLAIPEDA. A GUIDE TO THEIR FUCTIONS AND MEANINGS.<\/em><\/strong>&nbsp;(English version) - download for free<\/a>\n\t\t\t\t\t<\/h4>\n\t\t\t\t<\/div>\n\t\t\t\t<div id=\"custom-collapse-3-3\" class=\"panel-collapse collapse\">\n\t\t\t\t\t<div class=\"panel-body\">\n<div><a class=\"pdf\" title=\"Download: O3- URBAN PUBLIC SPACES: &#8220;MADRID, BIALYSTOK, KLAIPEDA. A GUIDE TO THEIR FUCTIONS AND MEANINGS&#8221; (English version)\" href=\"https:\/\/glocal.pb.edu.pl\/en\/wp-content\/uploads\/sites\/2\/2022\/11\/O3_English_Urban_publi_spaces.pdf\" target=\"_blank\" rel=\"noopener\" data-counter>O3- URBAN PUBLIC SPACES: &#8220;MADRID, BIALYSTOK, KLAIPEDA. A GUIDE TO THEIR FUCTIONS AND MEANINGS&#8221; (English version) <span>(10 MB)<\/span><\/a>  &nbsp; <span>Number of downloads: 41<\/span><\/div>\n<\/div>\n\t\t\t\t<\/div>\n\t\t\t<\/div>\n<div class=\"panel-group\" id=\"custom-collapse-4\"><\/div>\n<div class=\"panel panel-default\">\n\t\t\t\t<div class=\"panel-heading\">\n\t\t\t\t\t<h4 class=\"panel-title\">\n\t\t\t\t\t\t<a class=\"collapsed\" data-toggle=\"collapse\" data-parent=\"#custom-collapse-4\" href=\"#custom-collapse-4-4\"><strong>O3- URBAN PUBLIC SPACES: <em>MADRID, BIALYSTOK, KLAIPEDA. A GUIDE TO THEIR FUCTIONS AND MEANINGS.<\/em><\/strong>&nbsp;(multilingual version) - download for free<\/a>\n\t\t\t\t\t<\/h4>\n\t\t\t\t<\/div>\n\t\t\t\t<div id=\"custom-collapse-4-4\" class=\"panel-collapse collapse\">\n\t\t\t\t\t<div class=\"panel-body\">\n<div><a class=\"pdf\" title=\"Download: O3- URBAN PUBLIC SPACES: &#8220;MADRID, BIALYSTOK, KLAIPEDA. A GUIDE TO THEIR FUCTIONS AND MEANINGS.&#8221; (multilingual version) &#8211; download for free\" href=\"https:\/\/glocal.pb.edu.pl\/en\/wp-content\/uploads\/sites\/2\/2022\/11\/O3_multilingual_Urban_publi_spaces.pdf\" target=\"_blank\" rel=\"noopener\" data-counter>O3- URBAN PUBLIC SPACES: &#8220;MADRID, BIALYSTOK, KLAIPEDA. A GUIDE TO THEIR FUCTIONS AND MEANINGS.&#8221; (multilingual version) &#8211; download for free <span>(18 MB)<\/span><\/a>  &nbsp; <span>Number of downloads: 26<\/span><\/div>\n<\/div>\n\t\t\t\t<\/div>\n\t\t\t<\/div>\n<div class=\"panel-group\" id=\"custom-collapse-5\"><\/div>\n<div class=\"panel panel-default\">\n\t\t\t\t<div class=\"panel-heading\">\n\t\t\t\t\t<h4 class=\"panel-title\">\n\t\t\t\t\t\t<a class=\"collapsed\" data-toggle=\"collapse\" data-parent=\"#custom-collapse-5\" href=\"#custom-collapse-5-5\"><strong>O4 BUT DIDACTIC MATERIALS<\/strong>&nbsp;- download for free<\/a>\n\t\t\t\t\t<\/h4>\n\t\t\t\t<\/div>\n\t\t\t\t<div id=\"custom-collapse-5-5\" class=\"panel-collapse collapse\">\n\t\t\t\t\t<div class=\"panel-body\">\n<a href=\"https:\/\/glocal.pb.edu.pl\/wp-content\/uploads\/O4_BUT%20didactic%20materials.pdf\">O4 BUT DIDACTIC MATERIALS.pdf<\/a><br \/>\n<\/div>\n\t\t\t\t<\/div>\n\t\t\t<\/div>\n<div class=\"panel-group\" id=\"custom-collapse-6\"><\/div>\n<div class=\"panel panel-default\">\n\t\t\t\t<div class=\"panel-heading\">\n\t\t\t\t\t<h4 class=\"panel-title\">\n\t\t\t\t\t\t<a class=\"collapsed\" data-toggle=\"collapse\" data-parent=\"#custom-collapse-6\" href=\"#custom-collapse-6-6\"><strong>O5 KVK DIDACTIC MATERIALS<\/strong>&nbsp;- download for free<\/a>\n\t\t\t\t\t<\/h4>\n\t\t\t\t<\/div>\n\t\t\t\t<div id=\"custom-collapse-6-6\" class=\"panel-collapse collapse\">\n\t\t\t\t\t<div class=\"panel-body\">\n<a href=\"https:\/\/glocal.pb.edu.pl\/wp-content\/uploads\/O5_KVK%20didactic%20materials.pdf\">O5 KVK DIDACTIC MATERIALS.pdf<\/a><br \/>\n<\/div>\n\t\t\t\t<\/div>\n\t\t\t<\/div>\n<div class=\"panel-group\" id=\"custom-collapse-7\"><\/div>\n<div class=\"panel panel-default\">\n\t\t\t\t<div class=\"panel-heading\">\n\t\t\t\t\t<h4 class=\"panel-title\">\n\t\t\t\t\t\t<a class=\"collapsed\" data-toggle=\"collapse\" data-parent=\"#custom-collapse-7\" href=\"#custom-collapse-7-7\"><strong>O6 UPM DIDACTIC MATERIALS<\/strong>&nbsp;- download for free<\/a>\n\t\t\t\t\t<\/h4>\n\t\t\t\t<\/div>\n\t\t\t\t<div id=\"custom-collapse-7-7\" class=\"panel-collapse collapse\">\n\t\t\t\t\t<div class=\"panel-body\">\n<a href=\"https:\/\/glocal.pb.edu.pl\/wp-content\/uploads\/O6_UPM%20didactic%20materials.pdf\">O6 UPM DIDACTIC MATERIALS.pdf<\/a><br \/>\n<\/div>\n\t\t\t\t<\/div>\n\t\t\t<\/div>\n<div class=\"panel-group\" id=\"custom-collapse-8\"><\/div>\n<div class=\"panel panel-default\">\n\t\t\t\t<div class=\"panel-heading\">\n\t\t\t\t\t<h4 class=\"panel-title\">\n\t\t\t\t\t\t<a class=\"collapsed\" data-toggle=\"collapse\" data-parent=\"#custom-collapse-8\" href=\"#custom-collapse-8-8\"><strong>E-LABS<\/strong><\/a>\n\t\t\t\t\t<\/h4>\n\t\t\t\t<\/div>\n\t\t\t\t<div id=\"custom-collapse-8-8\" class=\"panel-collapse collapse\">\n\t\t\t\t\t<div class=\"panel-body\">\n<a class=\"xls\" href=\"https:\/\/glocal.pb.edu.pl\/lt\/wp-content\/uploads\/sites\/4\/2023\/04\/E-lab-1__Swale1_Hydraulic-calculation-of-the-swale-infiltration-ATV_A138new.xls\" target=\"_blank\" rel=\"noopener noreferrer\" data-id=\"497\">E lab 1_Swale1_Hydraulic calculation of the swale infiltration ATV_A138new (227 KB)<\/a><\/p>\n<p><a class=\"xlsx\" href=\"https:\/\/glocal.pb.edu.pl\/en\/wp-content\/uploads\/sites\/2\/2023\/04\/E-lab-2_Swale2.xlsx\" target=\"_blank\" rel=\"noopener noreferrer\" data-id=\"851\">E lab 2_Swale2 (400 KB)<\/a><\/p>\n<p><a class=\"pdf\" href=\"https:\/\/glocal.pb.edu.pl\/lt\/wp-content\/uploads\/sites\/4\/2023\/04\/E-lab-3_Glocal_PV-Bus-stop-Tasks-1_2.pdf\" target=\"_blank\" rel=\"noopener noreferrer\" data-id=\"499\">E lab 3_Glocal_PV Bus stop Tasks 1_2 (3 MB)<\/a><\/p>\n<p><a class=\"xls\" href=\"https:\/\/glocal.pb.edu.pl\/lt\/wp-content\/uploads\/sites\/4\/2023\/04\/E-lab-3_PV-Tasks-example-Bialystok.xls\" target=\"_blank\" rel=\"noopener noreferrer\" data-id=\"500\">E lab 3_PV &#8211; Tasks example Bialystok (1 MB)<\/a><\/p>\n<p><a class=\"xls\" href=\"https:\/\/glocal.pb.edu.pl\/lt\/wp-content\/uploads\/sites\/4\/2023\/04\/E-lab-3_PV-Tasks-student-name.xls\" target=\"_blank\" rel=\"noopener noreferrer\" data-id=\"489\">E lab 3_PV &#8211; Tasks student name (1 MB)<\/a><\/p>\n<p><a class=\"pdf\" href=\"https:\/\/glocal.pb.edu.pl\/lt\/wp-content\/uploads\/sites\/4\/2023\/04\/E-lab-4_Glocal_PV-Bus-stop-inverter-Tasks-1_3.pdf\" target=\"_blank\" rel=\"noopener noreferrer\" data-id=\"490\">E lab 4_Glocal_PV Bus stop inverter Tasks 1_3 (3 MB)<\/a><\/p>\n<p><a class=\"xls\" href=\"https:\/\/glocal.pb.edu.pl\/lt\/wp-content\/uploads\/sites\/4\/2023\/04\/E-lab-4_PV-Tasks-example-Bialystok-PV-Task-3.xls\" target=\"_blank\" rel=\"noopener noreferrer\" data-id=\"491\">E lab 4_PV &#8211; Tasks example Bialystok PV Task 3 (1 MB)<\/a><\/p>\n<p><a class=\"xls\" href=\"https:\/\/glocal.pb.edu.pl\/lt\/wp-content\/uploads\/sites\/4\/2023\/04\/E-lab-4_PV-Task-3.xls\" target=\"_blank\" rel=\"noopener noreferrer\" data-id=\"492\">E lab 4_PV Task 3 (1 MB)<\/a><\/p>\n<p><a class=\"pdf\" href=\"https:\/\/glocal.pb.edu.pl\/lt\/wp-content\/uploads\/sites\/4\/2023\/04\/E-lab-4a_AS-6M120-HC-Black-Module.pdf\" target=\"_blank\" rel=\"noopener noreferrer\" data-id=\"493\">E lab 4a_AS-6M120-HC-Black-Module (3 MB)<\/a><\/p>\n<p><a class=\"pdf\" href=\"https:\/\/glocal.pb.edu.pl\/lt\/wp-content\/uploads\/sites\/4\/2023\/04\/E-lab-4a_datasheet-SofarSolar_1.1K3.3KTL-G3_EN.pdf\" target=\"_blank\" rel=\"noopener noreferrer\" data-id=\"494\">E lab 4a_datasheet-SofarSolar_1.1K~3.3KTL-G3_EN (451 KB)<\/a><\/p>\n<p><a class=\"docx\" href=\"https:\/\/glocal.pb.edu.pl\/lt\/wp-content\/uploads\/sites\/4\/2023\/04\/E-lab-5_Plants-for-public-spaces-\u2013-Catalog-.docx\" target=\"_blank\" rel=\"noopener noreferrer\" data-id=\"495\">E lab 5_Plants for public spaces \u2013 Catalog (7 MB)<\/a><\/p>\n<p><a class=\"pdf\" href=\"https:\/\/glocal.pb.edu.pl\/lt\/wp-content\/uploads\/sites\/4\/2023\/04\/E-lab-5_Plants-for-public-spaces-catalog.pdf\" target=\"_blank\" rel=\"noopener noreferrer\" data-id=\"496\">E lab 5_Plants for public spaces catalog (2 MB)<\/a><br \/>\n<\/div>\n\t\t\t\t<\/div>\n\t\t\t<\/div>\n<div class=\"panel-group\" id=\"custom-collapse-9\"><\/div>\n<div class=\"panel panel-default\">\n\t\t\t\t<div class=\"panel-heading\">\n\t\t\t\t\t<h4 class=\"panel-title\">\n\t\t\t\t\t\t<a class=\"collapsed\" data-toggle=\"collapse\" data-parent=\"#custom-collapse-9\" href=\"#custom-collapse-9-9\"><strong>O7- SCIENTIFIC ARTICLES<\/a>\n\t\t\t\t\t<\/h4>\n\t\t\t\t<\/div>\n\t\t\t\t<div id=\"custom-collapse-9-9\" class=\"panel-collapse collapse\">\n\t\t\t\t\t<div class=\"panel-body\">\n<strong>J. Ku\u010dinskien\u0117, M. A. Fl\u00f3rez de la Colina, D. Gawryluk, D. Krawczyk, P. C. Izquierdo Gracia, D. Jankauskien\u0117 <\/strong><\/strong><\/p>\n<p><strong><strong>\u201cSMALL GLOSSARY OF TECHNICAL TERMS FOR ENGLISH-POLISH-SPANISH-LITHUANIAN LANGUAGES\u201d<\/strong><\/strong><\/p>\n<p><a href=\"https:\/\/library.iated.org\/view\/KUCINSKIENE2020SMA\">SMALL GLOSSARY OF TECHNICAL TERMS FOR&nbsp; ENGLISH-POLISH-SPANISH-LITHUANIAN LANGUAGES<\/a><\/p>\n<p>&nbsp;<\/p>\n<p><strong>D. Gawryluk, M.A. Fl\u00f3rez de la Colina, D. Krawczyk, P.C. Izquierdo Gracia, D. Jankauskien\u0117, J. Kucinskiene, E. Brezgyt\u00e9<\/strong><\/p>\n<p><strong>\u201cUNDERSTANDING THE PROBLEMS OF TEACHING FUTURE ENGINEERS TO THINK GLOBALLY AND ACT LOCALLY: GLOCAL PROJECT\u201d<\/strong><\/p>\n<p><a href=\"https:\/\/library.iated.org\/view\/GAWRYLUK2020UND\">UNDERSTANDING THE PROBLEMS OF TEACHING FUTURE ENGINEERS TO THINK GLOBALLY AND ACT LOCALLY: GLOCAL PROJECT &#8211; IATED Digital Library<\/a><\/p>\n<p>&nbsp;<\/p>\n<div><strong>P.C. Izquierdo Gracia, M.A. Fl\u00f3rez de la Colina, D. Gawryluk, K. Rawski, W. Matys, J.A. Capitan, I. Bach, D.A. Krawczyk, D. Jankauskien\u0117, V. Vai\u010dekauskien\u0117, I. Kuklys<\/strong><\/div>\n<div><strong style=\"font-size: 1.5rem\">(2022) BLENDED LEARNING AS A NEW METHODOLOGY FOR SHARING KNOWLEDGE AND COLLABORATING TO CREATE A SMALL URBAN OBJECT, ICERI2022 Proceedings, pp. 3415-3423.<\/strong><\/div>\n<div><a href=\"https:\/\/library.iated.org\/view\/IZQUIERDOGRACIA2022BLE\" target=\"_blank\" rel=\"noopener noreferrer\">Abstract View (iated.org)<\/a>&nbsp;<a href=\"https:\/\/library.iated.org\/view\/IZQUIERDOGRACIA2022BLE\" target=\"_blank\" rel=\"noopener noreferrer\">https:\/\/library.iated.org\/view\/IZQUIERDOGRACIA2022BLE<\/a><\/div>\n<div>&nbsp;<\/div>\n<div>&nbsp;<\/div>\n<div><strong>D. Gawryluk, M.A. Fl\u00f3rez de la Colina, P.C. Izquierdo Gracia, D. Jankauskien\u0117, D. A. Krawczyk, E. Brezgyt\u0117<\/strong><\/div>\n<div><strong>(2022) DEVELOPING A CHALLENGE: THE DESIGN OF GREEN BUS STOPS AS A TOOL FOR INTERNATIONAL AND INTERDISDIPLINARY COLLABORATION IN FACE-TO-FACE SUMMER SCHOOLS, ICERI2022 Proceedings, pp. 3341-3351.<\/strong><\/div>\n<div><a href=\"https:\/\/library.iated.org\/view\/GAWRYLUK2022DEV\" target=\"_blank\" rel=\"noopener noreferrer\">Abstract View (iated.org)<\/a>&nbsp;<a href=\"https:\/\/library.iated.org\/view\/GAWRYLUK2022DEV\" target=\"_blank\" rel=\"noopener noreferrer\">https:\/\/library.iated.org\/view\/GAWRYLUK2022DEV<\/a><\/div>\n<div>&nbsp;<\/div>\n<div>&nbsp;<\/div>\n<div>\n<p><strong>Alejandra Vidales Barriguete, Mar\u00eda Aurora Fl\u00f3rez de la Colina, Dorota Gawryluk, Dainora Jankauskien\u0117, Pilar Cristina Izquierdo Gracia<\/strong><\/p>\n<p><strong>\u201cTHE IMPORTANCE OF CREATING SUSTAINABLE CITIES&#8221;<\/strong><\/p>\n<p><a class=\"pdf\" href=\"https:\/\/glocal.pb.edu.pl\/en\/wp-content\/uploads\/sites\/2\/2023\/04\/CITE-2021-Poster_Glocal.pdf\" target=\"_blank\" rel=\"noopener noreferrer\" data-id=\"845\">THE IMPORTANCE OF CREATING SUSTAINABLE CITIES (Poster_Glocal) (1 MB)<\/a><\/p>\n<\/div>\n<p>&nbsp;<\/p>\n<p><strong>J. Kucinskiene, M.A. Fl\u00f3rez de la Colina, D. Gawryluk, D. Krawczyk, P.C. Izquierdo Gracia, D. Jankauskien\u0117<\/strong><br \/>\n<strong>SMALL GLOSSARY OF TECHNICAL TERMS FOR ENGLISH-POLISHSPANISH-LITHUANIAN LANGUAGES<\/strong><\/p>\n<p><a class=\"pdf\" href=\"https:\/\/glocal.pb.edu.pl\/en\/wp-content\/uploads\/sites\/2\/2023\/04\/ICERI_2020_GlocalGLOSSARY.pdf\" target=\"_blank\" rel=\"noopener noreferrer\" data-id=\"847\">ICERI_2020_GlocalGLOSSARY (948 KB)<\/a><\/p>\n<p>&nbsp;<\/p>\n<div><strong>Dorota Gawryluk, Mar\u00eda Aurora Fl\u00f3rez de la Colina<\/strong><br \/>\n<strong><a href=\"https:\/\/pb.edu.pl\/oficyna-wydawnicza\/publikacje\/publikacje-2022\/\">A methodology for interdisciplinary education of engineers, adapted to the needs of contemporary cities (Glocal Project, Erasmus+)<\/a><\/strong><\/div>\n<div>&nbsp;<\/div>\n<div>&nbsp;<\/div>\n<div><strong>Dorota Anna Krawczyk, Ewa Szaty\u0142owicz, Anna Justyna Werner-Juszczuk, Dorota Gawryluk<\/strong><br \/>\n<a href=\"https:\/\/pb.edu.pl\/oficyna-wydawnicza\/publikacje\/publikacje-2022\/\"><strong>INNOVATIONS \u2013 SUSTAINABILITY \u2013 MODERNITY \u2013 OPENNESS MODERN SOLUTIONS IN ENGINEERING &nbsp;SERIES OF MONOGRAPHS, VOLUME 4, Bia\u0142ystok 2022, pp. 77-87&nbsp;<\/strong><\/a><\/div>\n<\/div>\n\t\t\t\t<\/div>\n\t\t\t<\/div>\n<div class=\"panel-group\" id=\"custom-collapse-10\"><\/div>\n<div class=\"panel panel-default\">\n\t\t\t\t<div class=\"panel-heading\">\n\t\t\t\t\t<h4 class=\"panel-title\">\n\t\t\t\t\t\t<a class=\"collapsed\" data-toggle=\"collapse\" data-parent=\"#custom-collapse-10\" href=\"#custom-collapse-10-10\"><strong>O8 - e-learning<\/strong><\/a>\n\t\t\t\t\t<\/h4>\n\t\t\t\t<\/div>\n\t\t\t\t<div id=\"custom-collapse-10-10\" class=\"panel-collapse collapse\">\n\t\t\t\t\t<div class=\"panel-body\">\n<a title=\"Pobierz plik O8 learning Corrected\" href=\"https:\/\/glocal.pb.edu.pl\/wp-content\/uploads\/O8_learning_Corrected.pdf\">O8_learning_Corrected.pdf<\/a><br \/>\n<a href=\"http:\/\/glocal.pb.edu.pl\/wp-content\/uploads\/2023\/04\/Glocal-elearning-access.pdf\">Glocal elearning access<\/a><br \/>\n<a href=\"http:\/\/glocal.pb.edu.pl\/wp-content\/uploads\/2023\/04\/Glocal-E-learning-Final-Test.pdf\">Glocal E-learning Final Test<\/a><br \/>\n<a href=\"http:\/\/glocal.pb.edu.pl\/wp-content\/uploads\/2023\/04\/Glocal-UNIT1-Accessibility-of-public-space-Review-quiz.pdf\">Glocal-UNIT1-Accessibility of public space &#8211; Review quiz<\/a><br \/>\n<a href=\"http:\/\/glocal.pb.edu.pl\/wp-content\/uploads\/2023\/04\/Glocal-UNIT2-Safety-in-public-space_test.pdf\">Glocal-UNIT2 &#8211; Safety in public space_test<\/a><br \/>\n<\/div>\n\t\t\t\t<\/div>\n\t\t\t<\/div>\n<div class=\"panel-group\" id=\"custom-collapse-11\"><\/div>\n<div class=\"panel panel-default\">\n\t\t\t\t<div class=\"panel-heading\">\n\t\t\t\t\t<h4 class=\"panel-title\">\n\t\t\t\t\t\t<a class=\"collapsed\" data-toggle=\"collapse\" data-parent=\"#custom-collapse-11\" href=\"#custom-collapse-11-11\"><strong>O10 Glocal syllabus<\/strong>&nbsp;- download for free<\/a>\n\t\t\t\t\t<\/h4>\n\t\t\t\t<\/div>\n\t\t\t\t<div id=\"custom-collapse-11-11\" class=\"panel-collapse collapse\">\n\t\t\t\t\t<div class=\"panel-body\">\n<a title=\"Pobierz plik\" href=\"https:\/\/glocal.pb.edu.pl\/wp-content\/uploads\/O10_syllabus.pdf\" target=\"_blank\" rel=\"noopener noreferrer\">O10_Glocal syllabus.pdf<\/a><br \/>\n<\/div>\n\t\t\t\t<\/div>\n\t\t\t<\/div>\n<div class=\"panel-group\" id=\"custom-collapse-12\"><\/div>\n<div class=\"panel panel-default\">\n\t\t\t\t<div class=\"panel-heading\">\n\t\t\t\t\t<h4 class=\"panel-title\">\n\t\t\t\t\t\t<a class=\"collapsed\" data-toggle=\"collapse\" data-parent=\"#custom-collapse-12\" href=\"#custom-collapse-12-12\"><strong>ADDITIONAL RESULT<\/strong><\/a>\n\t\t\t\t\t<\/h4>\n\t\t\t\t<\/div>\n\t\t\t\t<div id=\"custom-collapse-12-12\" class=\"panel-collapse collapse\">\n\t\t\t\t\t<div class=\"panel-body\">\n<div><strong>Editors: Dorota Anna Krawczyk, Ewa Szaty\u0142owicz, Anna Justyna Werner-Juszczuk, Dorota Gawryluk, <\/strong><\/div>\n<div><strong>Innovations \u2013 Sustainability \u2013 Modernity \u2013 Openness. Modern solutions in engineering. Tom 44, Politechnika Bia\u0142ostocka 2022<\/strong><\/div>\n<p><a title=\"\" href=\"https:\/\/pb.edu.pl\/oficyna-wydawnicza\/wp-content\/uploads\/sites\/4\/2023\/01\/ISMO-44.pdf\" target=\"_blank\" rel=\"noopener noreferrer\">Innovations \u2013 Sustainability \u2013 Modernity \u2013 Openness. Modern solutions in engineering. Tom 44<\/a><\/p>\n<\/div>\n\t\t\t\t<\/div>\n\t\t\t<\/div>\n<\/div>\n<p>&nbsp;<\/p>\n","protected":false},"excerpt":{"rendered":"<p>&nbsp;<\/p>\n","protected":false},"author":2,"featured_media":0,"parent":0,"menu_order":4,"comment_status":"closed","ping_status":"closed","template":"","meta":{"ngg_post_thumbnail":0,"footnotes":""},"class_list":["post-33","page","type-page","status-publish","hentry"],"_links":{"self":[{"href":"https:\/\/glocal.pb.edu.pl\/en\/wp-json\/wp\/v2\/pages\/33","targetHints":{"allow":["GET"]}}],"collection":[{"href":"https:\/\/glocal.pb.edu.pl\/en\/wp-json\/wp\/v2\/pages"}],"about":[{"href":"https:\/\/glocal.pb.edu.pl\/en\/wp-json\/wp\/v2\/types\/page"}],"author":[{"embeddable":true,"href":"https:\/\/glocal.pb.edu.pl\/en\/wp-json\/wp\/v2\/users\/2"}],"replies":[{"embeddable":true,"href":"https:\/\/glocal.pb.edu.pl\/en\/wp-json\/wp\/v2\/comments?post=33"}],"version-history":[{"count":33,"href":"https:\/\/glocal.pb.edu.pl\/en\/wp-json\/wp\/v2\/pages\/33\/revisions"}],"predecessor-version":[{"id":877,"href":"https:\/\/glocal.pb.edu.pl\/en\/wp-json\/wp\/v2\/pages\/33\/revisions\/877"}],"wp:attachment":[{"href":"https:\/\/glocal.pb.edu.pl\/en\/wp-json\/wp\/v2\/media?parent=33"}],"curies":[{"name":"wp","href":"https:\/\/api.w.org\/{rel}","templated":true}]}}