{"id":36,"date":"2020-02-01T20:13:28","date_gmt":"2020-02-01T19:13:28","guid":{"rendered":"http:\/\/glocal.pb.edu.pl\/en\/?page_id=36"},"modified":"2020-06-27T21:12:14","modified_gmt":"2020-06-27T19:12:14","slug":"multipliers-events","status":"publish","type":"page","link":"https:\/\/glocal.pb.edu.pl\/en\/multipliers-events\/","title":{"rendered":"Multipliers events"},"content":{"rendered":"    <div class=\"box news-box\">       \n        <div class=\"row\">\n            \n                                                            \n                    <div class=\"col-sm-3\">\n                        <article class=\"format-gallery\">\n                            <span class=\"date text-right\"><i class=\"fa fa-calendar\"><\/i> 15-03-2023<\/span>\n                            <a href=\"https:\/\/glocal.pb.edu.pl\/en\/2023\/03\/15\/our-books-are-available-in-universidad-politecnica-de-valencia-library\/\" title=\"Our books are available in Universidad Politecnica de Valencia Library\" class=\"article-image\"><img loading=\"lazy\" decoding=\"async\" width=\"480\" height=\"320\" src=\"https:\/\/glocal.pb.edu.pl\/en\/wp-content\/uploads\/sites\/2\/2023\/04\/kasiazka2-480x320.jpg\" class=\"attachment-hp-box-size size-hp-box-size wp-post-image\" alt=\"Biblioteka\" \/><\/a>\n                            <h3><a href=\"https:\/\/glocal.pb.edu.pl\/en\/2023\/03\/15\/our-books-are-available-in-universidad-politecnica-de-valencia-library\/\" title=\"Our books are available in Universidad Politecnica de Valencia Library\">Our books are available in Universidad Politecnica de Valencia Library<\/a><\/h3>                            \n                            We share Glocal results:) Our books are available in Universidad Politecnica <a class=\"read-more\" href=\"https:\/\/glocal.pb.edu.pl\/en\/2023\/03\/15\/our-books-are-available-in-universidad-politecnica-de-valencia-library\/\" title=\"Our books are available in Universidad Politecnica de Valencia Library\">more<\/a>\n                        <\/article>\n                    <\/div>\n                                                    \n                    <div class=\"col-sm-3\">\n                        <article class=\"format-gallery\">\n                            <span class=\"date text-right\"><i class=\"fa fa-calendar\"><\/i> 14-03-2023<\/span>\n                            <a href=\"https:\/\/glocal.pb.edu.pl\/en\/2023\/03\/14\/17th-international-conference-inted-2023\/\" title=\"17th international conference INTED 2023\" class=\"article-image\"><img loading=\"lazy\" decoding=\"async\" width=\"480\" height=\"320\" src=\"https:\/\/glocal.pb.edu.pl\/en\/wp-content\/uploads\/sites\/2\/2023\/04\/IN6-480x320.jpeg\" class=\"attachment-hp-box-size size-hp-box-size wp-post-image\" alt=\"Intend\" \/><\/a>\n                            <h3><a href=\"https:\/\/glocal.pb.edu.pl\/en\/2023\/03\/14\/17th-international-conference-inted-2023\/\" title=\"17th international conference INTED 2023\">17th international conference INTED 2023<\/a><\/h3>                            \n                            Project Glocal Results were presented on 17th international conference INTED 2023 <a class=\"read-more\" href=\"https:\/\/glocal.pb.edu.pl\/en\/2023\/03\/14\/17th-international-conference-inted-2023\/\" title=\"17th international conference INTED 2023\">more<\/a>\n                        <\/article>\n                    <\/div>\n                                                    \n                    <div class=\"col-sm-3\">\n                        <article class=\"format-gallery\">\n                            <span class=\"date text-right\"><i class=\"fa fa-calendar\"><\/i> 06-12-2022<\/span>\n                            <a href=\"https:\/\/glocal.pb.edu.pl\/en\/2022\/12\/06\/vernissage-of-the-glocal-posters-exhibition-at-the-faculty-of-architecture-of-the-but\/\" title=\"Vernissage of the Glocal posters exhibition at the Faculty of Architecture of the BUT\" class=\"article-image\"><img loading=\"lazy\" decoding=\"async\" width=\"480\" height=\"320\" src=\"https:\/\/glocal.pb.edu.pl\/en\/wp-content\/uploads\/sites\/2\/2022\/12\/IMG_20221206_205015-480x320.jpg\" class=\"attachment-hp-box-size size-hp-box-size wp-post-image\" alt=\"WA\" \/><\/a>\n                            <h3><a href=\"https:\/\/glocal.pb.edu.pl\/en\/2022\/12\/06\/vernissage-of-the-glocal-posters-exhibition-at-the-faculty-of-architecture-of-the-but\/\" title=\"Vernissage of the Glocal posters exhibition at the Faculty of Architecture of the BUT\">Vernissage of the Glocal posters exhibition at the Faculty of Architecture of the BUT<\/a><\/h3>                            \n                            On December 5, 2022, an opening of posters prepared by students <a class=\"read-more\" href=\"https:\/\/glocal.pb.edu.pl\/en\/2022\/12\/06\/vernissage-of-the-glocal-posters-exhibition-at-the-faculty-of-architecture-of-the-but\/\" title=\"Vernissage of the Glocal posters exhibition at the Faculty of Architecture of the BUT\">more<\/a>\n                        <\/article>\n                    <\/div>\n                                                    \n                    <div class=\"col-sm-3\">\n                        <article class=\"format-gallery\">\n                            <span class=\"date text-right\"><i class=\"fa fa-calendar\"><\/i> 05-12-2022<\/span>\n                            <a href=\"https:\/\/glocal.pb.edu.pl\/en\/2022\/12\/05\/glocal-project-at-xxiv-forum-of-landscape-architecture-in-poznan\/\" title=\"Glocal project at XXIV Forum of Landscape Architecture in Pozna\u0144\" class=\"article-image\"><img loading=\"lazy\" decoding=\"async\" width=\"480\" height=\"320\" src=\"https:\/\/glocal.pb.edu.pl\/en\/wp-content\/uploads\/sites\/2\/2022\/12\/h600-480x320.png\" class=\"attachment-hp-box-size size-hp-box-size wp-post-image\" alt=\"\" \/><\/a>\n                            <h3><a href=\"https:\/\/glocal.pb.edu.pl\/en\/2022\/12\/05\/glocal-project-at-xxiv-forum-of-landscape-architecture-in-poznan\/\" title=\"Glocal project at XXIV Forum of Landscape Architecture in Pozna\u0144\">Glocal project at XXIV Forum of Landscape Architecture in Pozna\u0144<\/a><\/h3>                            \n                            The results of the Glocal project were presented on December 2, <a class=\"read-more\" href=\"https:\/\/glocal.pb.edu.pl\/en\/2022\/12\/05\/glocal-project-at-xxiv-forum-of-landscape-architecture-in-poznan\/\" title=\"Glocal project at XXIV Forum of Landscape Architecture in Pozna\u0144\">more<\/a>\n                        <\/article>\n                    <\/div>\n                                                    \n                    <div class=\"col-sm-3\">\n                        <article class=\"format-standard\">\n                            <span class=\"date text-right\"><i class=\"fa fa-calendar\"><\/i> 10-11-2022<\/span>\n                            <a href=\"https:\/\/glocal.pb.edu.pl\/en\/2022\/11\/10\/natalia-rzepniewska-student-of-but-and-glocal-summer-school-represented-the-glocal-project-at-the-conference-in-cracow\/\" title=\"Natalia Rzepniewska, student of BUT and Glocal summer school, represented the Glocal project at the Conference in Cracow\" class=\"article-image\"><img loading=\"lazy\" decoding=\"async\" width=\"480\" height=\"320\" src=\"https:\/\/glocal.pb.edu.pl\/en\/wp-content\/uploads\/sites\/2\/2022\/12\/Resized_20221104_110852-480x320.jpeg\" class=\"attachment-hp-box-size size-hp-box-size wp-post-image\" alt=\"Natalia\" \/><\/a>\n                            <h3><a href=\"https:\/\/glocal.pb.edu.pl\/en\/2022\/11\/10\/natalia-rzepniewska-student-of-but-and-glocal-summer-school-represented-the-glocal-project-at-the-conference-in-cracow\/\" title=\"Natalia Rzepniewska, student of BUT and Glocal summer school, represented the Glocal project at the Conference in Cracow\">Natalia Rzepniewska, student of BUT and Glocal summer school, represented the Glocal project at the Conference in Cracow<\/a><\/h3>                            \n                            Natalia Rzepniewska, a student of PB and the Glocal summer school, <a class=\"read-more\" href=\"https:\/\/glocal.pb.edu.pl\/en\/2022\/11\/10\/natalia-rzepniewska-student-of-but-and-glocal-summer-school-represented-the-glocal-project-at-the-conference-in-cracow\/\" title=\"Natalia Rzepniewska, student of BUT and Glocal summer school, represented the Glocal project at the Conference in Cracow\">more<\/a>\n                        <\/article>\n                    <\/div>\n                                                    \n                    <div class=\"col-sm-3\">\n                        <article class=\"format-gallery\">\n                            <span class=\"date text-right\"><i class=\"fa fa-calendar\"><\/i> 17-10-2022<\/span>\n                            <a href=\"https:\/\/glocal.pb.edu.pl\/en\/2022\/10\/17\/erasmus-days-2022\/\" title=\"Erasmus Days 2022\" class=\"article-image\"><img loading=\"lazy\" decoding=\"async\" width=\"480\" height=\"320\" src=\"https:\/\/glocal.pb.edu.pl\/en\/wp-content\/uploads\/sites\/2\/2022\/12\/IMG-5845-480x320.jpg\" class=\"attachment-hp-box-size size-hp-box-size wp-post-image\" alt=\"\" \/><\/a>\n                            <h3><a href=\"https:\/\/glocal.pb.edu.pl\/en\/2022\/10\/17\/erasmus-days-2022\/\" title=\"Erasmus Days 2022\">Erasmus Days 2022<\/a><\/h3>                            \n                            This time at Erasmus days 2022 (13.10.2022) we have presented results <a class=\"read-more\" href=\"https:\/\/glocal.pb.edu.pl\/en\/2022\/10\/17\/erasmus-days-2022\/\" title=\"Erasmus Days 2022\">more<\/a>\n                        <\/article>\n                    <\/div>\n                                                    \n                    <div class=\"col-sm-3\">\n                        <article class=\"format-standard\">\n                            <span class=\"date text-right\"><i class=\"fa fa-calendar\"><\/i> 17-05-2022<\/span>\n                            <a href=\"https:\/\/glocal.pb.edu.pl\/en\/2022\/05\/17\/our-publications-have-arrived-to-the-library-of-civil-engineering-of-itu\/\" title=\"Our publications have arrived to the Library of Civil Engineering of ITU\" class=\"article-image\"><img loading=\"lazy\" decoding=\"async\" width=\"480\" height=\"320\" src=\"https:\/\/glocal.pb.edu.pl\/en\/wp-content\/uploads\/sites\/2\/2023\/03\/ITU-480x320.jpg\" class=\"attachment-hp-box-size size-hp-box-size wp-post-image\" alt=\"Our publications have arrived to the Library of Civil Engineering of ITU\" \/><\/a>\n                            <h3><a href=\"https:\/\/glocal.pb.edu.pl\/en\/2022\/05\/17\/our-publications-have-arrived-to-the-library-of-civil-engineering-of-itu\/\" title=\"Our publications have arrived to the Library of Civil Engineering of ITU\">Our publications have arrived to the Library of Civil Engineering of ITU<\/a><\/h3>                            \n                            Our publications have arrived to the Library of Civil Engineering of <a class=\"read-more\" href=\"https:\/\/glocal.pb.edu.pl\/en\/2022\/05\/17\/our-publications-have-arrived-to-the-library-of-civil-engineering-of-itu\/\" title=\"Our publications have arrived to the Library of Civil Engineering of ITU\">more<\/a>\n                        <\/article>\n                    <\/div>\n                                                    \n                    <div class=\"col-sm-3\">\n                        <article class=\"format-standard\">\n                            <span class=\"date text-right\"><i class=\"fa fa-calendar\"><\/i> 14-05-2022<\/span>\n                            <a href=\"https:\/\/glocal.pb.edu.pl\/en\/2022\/05\/14\/profesors-from-university-of-bari-italy\/\" title=\"Profesors from University of Bari (Italy)\" class=\"article-image\"><img loading=\"lazy\" decoding=\"async\" width=\"480\" height=\"320\" src=\"https:\/\/glocal.pb.edu.pl\/en\/wp-content\/uploads\/sites\/2\/2023\/03\/Profesorowie-z-Uniwersytetu-w-Bari-W\u0142ochy-dostarcz\u0105-nasze-ksi\u0105\u017cki-do-swojej-Biblioteki-480x320.jpg\" class=\"attachment-hp-box-size size-hp-box-size wp-post-image\" alt=\"Profesorowie z Uniwersytetu w Bari (W\u0142ochy) dostarcz\u0105 nasze ksi\u0105\u017cki do swojej Biblioteki\" \/><\/a>\n                            <h3><a href=\"https:\/\/glocal.pb.edu.pl\/en\/2022\/05\/14\/profesors-from-university-of-bari-italy\/\" title=\"Profesors from University of Bari (Italy)\">Profesors from University of Bari (Italy)<\/a><\/h3>                            \n                            Profesors from University of Bari (Italy) will deliver our books to <a class=\"read-more\" href=\"https:\/\/glocal.pb.edu.pl\/en\/2022\/05\/14\/profesors-from-university-of-bari-italy\/\" title=\"Profesors from University of Bari (Italy)\">more<\/a>\n                        <\/article>\n                    <\/div>\n                                                    \n                    <div class=\"col-sm-3\">\n                        <article class=\"format-standard\">\n                            <span class=\"date text-right\"><i class=\"fa fa-calendar\"><\/i> 16-03-2022<\/span>\n                            <a href=\"https:\/\/glocal.pb.edu.pl\/en\/2022\/03\/16\/visit-to-the-university-of-messina-italy\/\" title=\"Visit to the University of Messina (Italy)\" class=\"article-image\"><img loading=\"lazy\" decoding=\"async\" width=\"480\" height=\"320\" src=\"https:\/\/glocal.pb.edu.pl\/en\/wp-content\/uploads\/sites\/2\/2023\/03\/GLOCAL3-480x320.jpg\" class=\"attachment-hp-box-size size-hp-box-size wp-post-image\" alt=\"Visit to the University of Messina (Italy)\" \/><\/a>\n                            <h3><a href=\"https:\/\/glocal.pb.edu.pl\/en\/2022\/03\/16\/visit-to-the-university-of-messina-italy\/\" title=\"Visit to the University of Messina (Italy)\">Visit to the University of Messina (Italy)<\/a><\/h3>                            \n                            We promoted the Glocal Erasmus+ project and its results at the <a class=\"read-more\" href=\"https:\/\/glocal.pb.edu.pl\/en\/2022\/03\/16\/visit-to-the-university-of-messina-italy\/\" title=\"Visit to the University of Messina (Italy)\">more<\/a>\n                        <\/article>\n                    <\/div>\n                                                    \n                    <div class=\"col-sm-3\">\n                        <article class=\"format-standard\">\n                            <span class=\"date text-right\"><i class=\"fa fa-calendar\"><\/i> 15-03-2022<\/span>\n                            <a href=\"https:\/\/glocal.pb.edu.pl\/en\/2022\/03\/15\/promotion-of-the-glocal-project-during-hibiwood-in-riga\/\" title=\"Promotion of the Glocal project during HiBiWood in Riga\" class=\"article-image\"><img loading=\"lazy\" decoding=\"async\" width=\"480\" height=\"320\" src=\"https:\/\/glocal.pb.edu.pl\/en\/wp-content\/uploads\/sites\/2\/2023\/03\/kolegija-480x320.jpg\" class=\"attachment-hp-box-size size-hp-box-size wp-post-image\" alt=\"\" \/><\/a>\n                            <h3><a href=\"https:\/\/glocal.pb.edu.pl\/en\/2022\/03\/15\/promotion-of-the-glocal-project-during-hibiwood-in-riga\/\" title=\"Promotion of the Glocal project during HiBiWood in Riga\">Promotion of the Glocal project during HiBiWood in Riga<\/a><\/h3>                            \n                            Promotion of the Glocal project during HiBiWood in Riga. Thank you <a class=\"read-more\" href=\"https:\/\/glocal.pb.edu.pl\/en\/2022\/03\/15\/promotion-of-the-glocal-project-during-hibiwood-in-riga\/\" title=\"Promotion of the Glocal project during HiBiWood in Riga\">more<\/a>\n                        <\/article>\n                    <\/div>\n                                                    \n                    <div class=\"col-sm-3\">\n                        <article class=\"format-standard\">\n                            <span class=\"date text-right\"><i class=\"fa fa-calendar\"><\/i> 02-12-2021<\/span>\n                            <a href=\"https:\/\/glocal.pb.edu.pl\/en\/2021\/12\/02\/we-promote-our-results\/\" title=\"We promote our results\" class=\"article-image\"><img loading=\"lazy\" decoding=\"async\" width=\"480\" height=\"320\" src=\"https:\/\/glocal.pb.edu.pl\/en\/wp-content\/uploads\/sites\/2\/2023\/03\/artificial-intelligence-4389372_640-480x320.jpg\" class=\"attachment-hp-box-size size-hp-box-size wp-post-image\" alt=\"artificial-intelligence\" \/><\/a>\n                            <h3><a href=\"https:\/\/glocal.pb.edu.pl\/en\/2021\/12\/02\/we-promote-our-results\/\" title=\"We promote our results\">We promote our results<\/a><\/h3>                            \n                            The review of \u201cFuture of the City\u201d appeared in EGE \u2013 <a class=\"read-more\" href=\"https:\/\/glocal.pb.edu.pl\/en\/2021\/12\/02\/we-promote-our-results\/\" title=\"We promote our results\">more<\/a>\n                        <\/article>\n                    <\/div>\n                                                    \n                    <div class=\"col-sm-3\">\n                        <article class=\"format-standard\">\n                            <span class=\"date text-right\"><i class=\"fa fa-calendar\"><\/i> 02-12-2021<\/span>\n                            <a href=\"https:\/\/glocal.pb.edu.pl\/en\/2021\/12\/02\/bialystok-university-of-technology-celebration-2021\/\" title=\"Bialystok University of Technology Celebration 2021\" class=\"article-image\"><img loading=\"lazy\" decoding=\"async\" width=\"480\" height=\"320\" src=\"https:\/\/glocal.pb.edu.pl\/en\/wp-content\/uploads\/sites\/2\/2023\/03\/Obraz3-480x320.jpg\" class=\"attachment-hp-box-size size-hp-box-size wp-post-image\" alt=\"Glocal\" \/><\/a>\n                            <h3><a href=\"https:\/\/glocal.pb.edu.pl\/en\/2021\/12\/02\/bialystok-university-of-technology-celebration-2021\/\" title=\"Bialystok University of Technology Celebration 2021\">Bialystok University of Technology Celebration 2021<\/a><\/h3>                            \n                            Nela Galimska, a graduate of spatial economy at the BUT, received <a class=\"read-more\" href=\"https:\/\/glocal.pb.edu.pl\/en\/2021\/12\/02\/bialystok-university-of-technology-celebration-2021\/\" title=\"Bialystok University of Technology Celebration 2021\">more<\/a>\n                        <\/article>\n                    <\/div>\n                                       \n        <\/div>\n        \n\t<nav class=\"navigation pagination\" aria-label=\"Posts pagination\">\n\t\t<h2 class=\"screen-reader-text\">Posts pagination<\/h2>\n\t\t<div class=\"nav-links\"><span aria-current=\"page\" class=\"page-numbers current\">1<\/span>\n<a class=\"page-numbers\" href=\"https:\/\/glocal.pb.edu.pl\/en\/wp-json\/wp\/v2\/pages\/36\/page\/2\/\">2<\/a>\n<a class=\"next page-numbers\" href=\"https:\/\/glocal.pb.edu.pl\/en\/wp-json\/wp\/v2\/pages\/36\/page\/2\/\">Nast\u0119pne<\/a><\/div>\n\t<\/nav>           \n                                \n    <\/div>\n    \n","protected":false},"excerpt":{"rendered":"","protected":false},"author":2,"featured_media":0,"parent":0,"menu_order":5,"comment_status":"closed","ping_status":"closed","template":"","meta":{"ngg_post_thumbnail":0,"footnotes":""},"class_list":["post-36","page","type-page","status-publish","hentry"],"_links":{"self":[{"href":"https:\/\/glocal.pb.edu.pl\/en\/wp-json\/wp\/v2\/pages\/36","targetHints":{"allow":["GET"]}}],"collection":[{"href":"https:\/\/glocal.pb.edu.pl\/en\/wp-json\/wp\/v2\/pages"}],"about":[{"href":"https:\/\/glocal.pb.edu.pl\/en\/wp-json\/wp\/v2\/types\/page"}],"author":[{"embeddable":true,"href":"https:\/\/glocal.pb.edu.pl\/en\/wp-json\/wp\/v2\/users\/2"}],"replies":[{"embeddable":true,"href":"https:\/\/glocal.pb.edu.pl\/en\/wp-json\/wp\/v2\/comments?post=36"}],"version-history":[{"count":3,"href":"https:\/\/glocal.pb.edu.pl\/en\/wp-json\/wp\/v2\/pages\/36\/revisions"}],"predecessor-version":[{"id":223,"href":"https:\/\/glocal.pb.edu.pl\/en\/wp-json\/wp\/v2\/pages\/36\/revisions\/223"}],"wp:attachment":[{"href":"https:\/\/glocal.pb.edu.pl\/en\/wp-json\/wp\/v2\/media?parent=36"}],"curies":[{"name":"wp","href":"https:\/\/api.w.org\/{rel}","templated":true}]}}