{"id":24,"date":"2020-02-02T16:03:58","date_gmt":"2020-02-02T15:03:58","guid":{"rendered":"http:\/\/glocal.pb.edu.pl\/es\/?page_id=24"},"modified":"2022-12-15T09:42:45","modified_gmt":"2022-12-15T08:42:45","slug":"sobre-glocal","status":"publish","type":"page","link":"https:\/\/glocal.pb.edu.pl\/es\/sobre-glocal\/","title":{"rendered":"Sobre Glocal"},"content":{"rendered":"<h2>GLOCAL \u2013 Formaci\u00f3n innovadora de futuros ingenieros que responda a los problemas de las ciudades contempor\u00e1neas. 2019-1-PL01-KA203-065654<\/h2>\n<h3>GLOCAL es un proyecto que ense\u00f1a a los futuros ingenieros c\u00f3mo pensar globalmente y actuar localmente. Responde a las necesidades actuales del mercado laboral europeo y presta atenci\u00f3n al nivel de vida en las ciudades, a las expectativas dirigidas a la industria de la ingenier\u00eda, a la disponibilidad de tecnolog\u00eda ITC y a las necesidades de movilidad.<\/h3>\n<p>Los ingenieros que trabajan en industrias relacionadas con la arquitectura, la construcci\u00f3n y la ingenier\u00eda civil, ampliamente entendida, deben demostrar habilidades de acci\u00f3n creativa y cooperaci\u00f3n en equipos interdisciplinares e internacionales de dise\u00f1adores y contratistas. Un consorcio de 3 universidades europeas llevar\u00e1 a cabo el objetivo principal del proyecto. El personal acad\u00e9mico mejorar\u00e1 sus habilidades para una educaci\u00f3n moderna, as\u00ed como realizar\u00e1 un intercambio de conocimientos interdisciplinares y establecer\u00e1 contactos cient\u00edficos, durante tres breves sesiones formativas.<\/p>\n<p><strong>40 meses (01.09.2019 \u2013 31.12.2022)<\/strong><br \/>\n<strong>Financiaci\u00f3n del programa Erasmus +<\/strong> : 300 860,00 euros<\/p>\n<p>&nbsp;<\/p>\n<h4>&nbsp;<\/h4>\n<div class=\"col-sm-4\">\n<div class=\"image\"><a title=\"Universidad Tecnol\u00f3gica de Bialystok, Polonia\" href=\"www.pb.edu.pl\"><img decoding=\"async\" class=\"aligncenter\" src=\"http:\/\/glocal.pb.edu.pl\/wp-content\/uploads\/2020\/02\/PB-logo.jpg\" alt=\"Universidad Tecnol\u00f3gica de Bialystok, Polonia\"><\/a><\/div>\n<\/div>\n<div class=\"col-sm-4\">\n<div class=\"image\"><a title=\"Universidad Polit\u00e9cnica de Madrid, Espa\u00f1a\" href=\"http:\/\/www.upm.es\/\"><br \/>\n<img decoding=\"async\" class=\"aligncenter\" src=\"http:\/\/glocal.pb.edu.pl\/wp-content\/uploads\/2020\/02\/Universidad-Polit\u00e9cnica-De-Madrid-Logo.jpg\" alt=\"Universidad Polit\u00e9cnica de Madrid, Espa\u00f1a\"><\/a><\/div>\n<\/div>\n<div class=\"col-sm-4\">\n<div class=\"image\"><a title=\"Universidad Estatal de Ciencias Aplicadas de Klaipeda, Lituania\" href=\"https:\/\/www.kvk.lt\/en\/\"><img decoding=\"async\" class=\"aligncenter\" src=\"http:\/\/glocal.pb.edu.pl\/wp-content\/uploads\/2020\/01\/KVK-logo.jpg\" alt=\"Universidad Estatal de Ciencias Aplicadas de Klaipeda, Lituania\"><\/a><\/div>\n<\/div>\n<p>&nbsp;<\/p>\n<p>&nbsp;<\/p>\n<p>El resultado m\u00e1s importante del proyecto ser\u00e1 un Curso de Verano innovador, con 2 partes: una de ellas presencial, con profesores (2 semanas en Espa\u00f1a y 2 semanas en Polonia \u00f3 en Lituania) y una parte de aprendizaje telem\u00e1tico (\u201cE-Learning\u201d). Los m\u00e9todos de ense\u00f1anza desarrollados por el consorcio de universidades se evaluar\u00e1n en dos grupos de 24 estudiantes en el verano del 2020 y en el del 2021. Todo lo producido y verificado durante los cursos (programa del curso, materiales did\u00e1cticos y de aprendizaje telem\u00e1tico, laboratorios y diccionario con formato telem\u00e1tico) estar\u00e1n disponibles de forma gratuita en el \u201csitio web\u201d del proyecto GLOCAL. Tambi\u00e9n habr\u00e1 una publicaci\u00f3n y una gu\u00eda de buenas pr\u00e1cticas de dise\u00f1o en formato de libros electr\u00f3nicos. La versi\u00f3n impresa se enviar\u00e1 gratuitamente a las bibliotecas de 30 universidades. El innovador m\u00f3dulo GLOCAL se incluir\u00e1 en los programas de las universidades asociadas y se ofrecer\u00e1 a los estudiantes de varias universidades como una asignatura optativa (6 ECTS), por lo que ser\u00e1 posible aumentar el atractivo de los estudios t\u00e9cnicos, y complementar el programa con los logros modernos de las tecnolog\u00edas TIC. Los participantes del proyecto GLOCAL ampliar\u00e1n sus conocimientos y habilidades, as\u00ed como conocer\u00e1n los valores culturales de las ciudades y los pa\u00edses de las universidades asociadas. La administraci\u00f3n del gobierno local y los profesionales de ingenier\u00eda tendr\u00e1n la oportunidad de influir en el proceso educativo y al mismo tiempo ampliar sus propios conocimientos. El m\u00f3dulo GLOCAL preparar\u00e1 a los estudiantes para las necesidades cambiantes del mercado laboral, por lo que afectar\u00e1 positivamente el desarrollo econ\u00f3mico local y global.<\/p>\n<p>El proyecto GLOCAL ofrecer\u00e1 varios eventos en pa\u00edses socios, dirigidos a diversificar el p\u00fablico objetivo, difundir los resultados del proyecto GLOCAL, promover la idea del programa Erasmus+ y animar a los participantes de los eventos a mejorar sus competencias utilizando sus resultados intelectuales. Adem\u00e1s, el proyecto GLOCAL supone la difusi\u00f3n de los resultados del trabajo cient\u00edfico entre miembros y autoridades del gobierno local y regional para ayudar a tomar decisiones de planificaci\u00f3n e inversi\u00f3n para mejorar el nivel de vida en las ciudades, as\u00ed como su desarrollo econ\u00f3mico.<\/p>\n<p>&nbsp;<br \/>\n<strong>Socios:<\/strong><\/p>\n<div class=\"col-sm-4\">\n<div class=\"image\"><a href=\"https:\/\/www.doerken.com\/pl\/\"><img decoding=\"async\" class=\"aligncenter\" src=\"http:\/\/glocal.pb.edu.pl\/wp-content\/uploads\/2021\/04\/dorken_logo.jpg\" alt=\"Dorken Delta Folie Sp. z o.o.\"><\/a><\/div>\n<\/div>\n<div class=\"col-sm-4\">\n<div class=\"image\"><a href=\"http:\/\/glocal.pb.edu.pl\/wp-content\/uploads\/2022\/12\/FPP.png\"><img loading=\"lazy\" decoding=\"async\" class=\"alignnone size-full wp-image-797\" src=\"http:\/\/glocal.pb.edu.pl\/wp-content\/uploads\/2022\/12\/FPP.png\" alt=\"FPP\" width=\"555\" height=\"255\"><\/a><\/div>\n<\/div>\n<div class=\"col-sm-4\">\n<div class=\"image\"><a href=\"http:\/\/glocal.pb.edu.pl\/wp-content\/uploads\/2022\/12\/proiescon.png\"><img loading=\"lazy\" decoding=\"async\" class=\"alignnone size-full wp-image-799\" src=\"http:\/\/glocal.pb.edu.pl\/wp-content\/uploads\/2022\/12\/proiescon.png\" alt=\"PROIESCON\" width=\"579\" height=\"210\"><\/a><\/div>\n<\/div>\n<p>&nbsp;<br \/>\n&nbsp;<\/p>\n<div class=\"col-sm-4\">\n<div class=\"image\"><a href=\"http:\/\/glocal.pb.edu.pl\/wp-content\/uploads\/2022\/12\/spak.png\"><img loading=\"lazy\" decoding=\"async\" class=\"alignnone size-full wp-image-801\" src=\"http:\/\/glocal.pb.edu.pl\/wp-content\/uploads\/2022\/12\/spak.png\" alt=\"SPAK\" width=\"501\" height=\"183\"><\/a><\/div>\n<\/div>\n<div class=\"col-sm-4\">\n<div class=\"image\"><a href=\"http:\/\/glocal.pb.edu.pl\/wp-content\/uploads\/2022\/12\/spak_podlasie.png\"><img loading=\"lazy\" decoding=\"async\" class=\"alignnone size-full wp-image-802\" src=\"http:\/\/glocal.pb.edu.pl\/wp-content\/uploads\/2022\/12\/spak_podlasie.png\" alt=\"\" width=\"496\" height=\"270\"><\/a><\/div>\n<\/div>\n<div class=\"col-sm-4\">\n<div class=\"image\"><a href=\"http:\/\/glocal.pb.edu.pl\/wp-content\/uploads\/2022\/12\/urzad-gminy-hajnowka.png\"><img loading=\"lazy\" decoding=\"async\" class=\"alignnone size-full wp-image-804\" src=\"http:\/\/glocal.pb.edu.pl\/wp-content\/uploads\/2022\/12\/urzad-gminy-hajnowka.png\" alt=\"\" width=\"576\" height=\"128\"><\/a><\/div>\n<\/div>\n<p>&nbsp;<br \/>\n&nbsp;<\/p>\n<div class=\"col-sm-4\">\n<div class=\"image\"><a href=\"http:\/\/glocal.pb.edu.pl\/wp-content\/uploads\/2022\/12\/SARP.jpg\"><img loading=\"lazy\" decoding=\"async\" class=\"alignnone size-full wp-image-800\" src=\"http:\/\/glocal.pb.edu.pl\/wp-content\/uploads\/2022\/12\/SARP.jpg\" alt=\"SARP\" width=\"1353\" height=\"619\"><\/a><\/div>\n<\/div>\n<div class=\"col-sm-4\">\n<div class=\"image\"><a href=\"http:\/\/glocal.pb.edu.pl\/wp-content\/uploads\/2022\/12\/urzad-miejski-w-supraslu.png\"><img loading=\"lazy\" decoding=\"async\" class=\"alignnone size-full wp-image-805\" src=\"http:\/\/glocal.pb.edu.pl\/wp-content\/uploads\/2022\/12\/urzad-miejski-w-supraslu.png\" alt=\"Urz\u0105d Miejski w Supra\u015blu\" width=\"437\" height=\"332\"><\/a><\/div>\n<\/div>\n<div class=\"col-sm-4\">\n<div class=\"image\"><a href=\"http:\/\/glocal.pb.edu.pl\/wp-content\/uploads\/2022\/12\/towarzystwo-urbanistow-polskich.png\"><img loading=\"lazy\" decoding=\"async\" class=\"alignnone size-full wp-image-803\" src=\"http:\/\/glocal.pb.edu.pl\/wp-content\/uploads\/2022\/12\/towarzystwo-urbanistow-polskich.png\" alt=\"TOWARZYSTWO URBANIST\u00d3W POLSKICH ODDZIA\u0141 W BIA\u0141YMSTOKU\" width=\"261\" height=\"217\"><br \/>\nTOWARZYSTWO URBANIST\u00d3W POLSKICH ODDZIA\u0141 W BIA\u0141YMSTOKU<br \/>\nROK ZA\u0141O\u017bENIA 1923<br \/>\nSOCIETY OF POLISH TOWN PLANNERS \u2013 SOCIETE DES URBANISTES POLONAIS<\/a><\/div>\n<\/div>\n<p>&nbsp;<br \/>\n&nbsp;<\/p>\n<div class=\"col-sm-4\">\n<div class=\"image\"><a href=\"http:\/\/glocal.pb.edu.pl\/wp-content\/uploads\/2022\/12\/narwianski-park-narodowy.png\"><img loading=\"lazy\" decoding=\"async\" class=\"alignnone size-full wp-image-798\" src=\"http:\/\/glocal.pb.edu.pl\/wp-content\/uploads\/2022\/12\/narwianski-park-narodowy.png\" alt=\"Narwia\u0144ski Park Narodowy\" width=\"960\" height=\"960\"><\/a><\/div>\n<\/div>\n<div class=\"col-sm-4\">\n<div class=\"image\">&nbsp;<\/div>\n<\/div>\n<div class=\"col-sm-4\">\n<div class=\"image\">&nbsp;<\/div>\n<\/div>\n<p>&nbsp;<\/p>\n","protected":false},"excerpt":{"rendered":"<p>GLOCAL \u2013 Formaci\u00f3n innovadora de futuros ingenieros que responda a los problemas de las ciudades<a class=\"read-more\" href=\"https:\/\/glocal.pb.edu.pl\/es\/sobre-glocal\/\" title=\"Poka\u017c artyku\u0142 Sobre Glocal\">m\u00e1s<\/a><\/p>\n","protected":false},"author":2,"featured_media":0,"parent":0,"menu_order":1,"comment_status":"closed","ping_status":"closed","template":"","meta":{"ngg_post_thumbnail":0,"footnotes":""},"class_list":["post-24","page","type-page","status-publish","hentry"],"_links":{"self":[{"href":"https:\/\/glocal.pb.edu.pl\/es\/wp-json\/wp\/v2\/pages\/24","targetHints":{"allow":["GET"]}}],"collection":[{"href":"https:\/\/glocal.pb.edu.pl\/es\/wp-json\/wp\/v2\/pages"}],"about":[{"href":"https:\/\/glocal.pb.edu.pl\/es\/wp-json\/wp\/v2\/types\/page"}],"author":[{"embeddable":true,"href":"https:\/\/glocal.pb.edu.pl\/es\/wp-json\/wp\/v2\/users\/2"}],"replies":[{"embeddable":true,"href":"https:\/\/glocal.pb.edu.pl\/es\/wp-json\/wp\/v2\/comments?post=24"}],"version-history":[{"count":8,"href":"https:\/\/glocal.pb.edu.pl\/es\/wp-json\/wp\/v2\/pages\/24\/revisions"}],"predecessor-version":[{"id":258,"href":"https:\/\/glocal.pb.edu.pl\/es\/wp-json\/wp\/v2\/pages\/24\/revisions\/258"}],"wp:attachment":[{"href":"https:\/\/glocal.pb.edu.pl\/es\/wp-json\/wp\/v2\/media?parent=24"}],"curies":[{"name":"wp","href":"https:\/\/api.w.org\/{rel}","templated":true}]}}