{"id":34,"date":"2020-02-02T16:08:35","date_gmt":"2020-02-02T15:08:35","guid":{"rendered":"http:\/\/glocal.pb.edu.pl\/es\/?page_id=34"},"modified":"2020-06-27T21:16:43","modified_gmt":"2020-06-27T19:16:43","slug":"eventos-de-difusion","status":"publish","type":"page","link":"https:\/\/glocal.pb.edu.pl\/es\/eventos-de-difusion\/","title":{"rendered":"Eventos de difusi\u00f3n"},"content":{"rendered":"    <div class=\"box news-box\">       \n        <div class=\"row\">\n            \n                                                            \n                    <div class=\"col-sm-3\">\n                        <article class=\"format-gallery\">\n                            <span class=\"date text-right\"><i class=\"fa fa-calendar\"><\/i> 15-03-2023<\/span>\n                            <a href=\"https:\/\/glocal.pb.edu.pl\/es\/2023\/03\/15\/nuestros-libros-estan-disponibles-en-la-biblioteca-de-la-universidad-politecnica-de-valencia\/\" title=\"Nuestros libros est\u00e1n disponibles en la Biblioteca de la Universidad Polit\u00e9cnica de Valencia\" class=\"article-image\"><img loading=\"lazy\" decoding=\"async\" width=\"480\" height=\"320\" src=\"https:\/\/glocal.pb.edu.pl\/es\/wp-content\/uploads\/sites\/3\/2023\/04\/kasiazka2-480x320.jpg\" class=\"attachment-hp-box-size size-hp-box-size wp-post-image\" alt=\"\" \/><\/a>\n                            <h3><a href=\"https:\/\/glocal.pb.edu.pl\/es\/2023\/03\/15\/nuestros-libros-estan-disponibles-en-la-biblioteca-de-la-universidad-politecnica-de-valencia\/\" title=\"Nuestros libros est\u00e1n disponibles en la Biblioteca de la Universidad Polit\u00e9cnica de Valencia\">Nuestros libros est\u00e1n disponibles en la Biblioteca de la Universidad Polit\u00e9cnica de Valencia<\/a><\/h3>                            \n                            Compartimos los resultados de Glocal \ud83d\ude42 Nuestros libros est\u00e1n disponibles en <a class=\"read-more\" href=\"https:\/\/glocal.pb.edu.pl\/es\/2023\/03\/15\/nuestros-libros-estan-disponibles-en-la-biblioteca-de-la-universidad-politecnica-de-valencia\/\" title=\"Nuestros libros est\u00e1n disponibles en la Biblioteca de la Universidad Polit\u00e9cnica de Valencia\">m\u00e1s<\/a>\n                        <\/article>\n                    <\/div>\n                                                    \n                    <div class=\"col-sm-3\">\n                        <article class=\"format-gallery\">\n                            <span class=\"date text-right\"><i class=\"fa fa-calendar\"><\/i> 14-03-2023<\/span>\n                            <a href=\"https:\/\/glocal.pb.edu.pl\/es\/2023\/03\/14\/17a-conferencia-internacional-inted-2023\/\" title=\"17\u00aa conferencia internacional INTED 2023\" class=\"article-image\"><img loading=\"lazy\" decoding=\"async\" width=\"480\" height=\"320\" src=\"https:\/\/glocal.pb.edu.pl\/es\/wp-content\/uploads\/sites\/3\/2023\/04\/IN6-480x320.jpeg\" class=\"attachment-hp-box-size size-hp-box-size wp-post-image\" alt=\"INTED 2023\" \/><\/a>\n                            <h3><a href=\"https:\/\/glocal.pb.edu.pl\/es\/2023\/03\/14\/17a-conferencia-internacional-inted-2023\/\" title=\"17\u00aa conferencia internacional INTED 2023\">17\u00aa conferencia internacional INTED 2023<\/a><\/h3>                            \n                            Los resultados del Proyecto Glocal se presentaron en la 17\u00aa conferencia <a class=\"read-more\" href=\"https:\/\/glocal.pb.edu.pl\/es\/2023\/03\/14\/17a-conferencia-internacional-inted-2023\/\" title=\"17\u00aa conferencia internacional INTED 2023\">m\u00e1s<\/a>\n                        <\/article>\n                    <\/div>\n                                                    \n                    <div class=\"col-sm-3\">\n                        <article class=\"format-standard\">\n                            <span class=\"date text-right\"><i class=\"fa fa-calendar\"><\/i> 10-11-2022<\/span>\n                            <a href=\"https:\/\/glocal.pb.edu.pl\/es\/2022\/11\/10\/natalia-rzepniewska-estudiante-de-but-y-de-la-escuela-de-verano-glocal-represento-el-proyecto-glocal-en-la-conferencia-de-cracovia\/\" title=\"Natalia Rzepniewska, estudiante de BUT y de la escuela de verano Glocal, represent\u00f3 el proyecto Glocal en la Conferencia de Cracovia\" class=\"article-image\"><img loading=\"lazy\" decoding=\"async\" width=\"480\" height=\"320\" src=\"https:\/\/glocal.pb.edu.pl\/es\/wp-content\/uploads\/sites\/3\/2023\/03\/Rzepniewska_Natalia-480x320.jpeg\" class=\"attachment-hp-box-size size-hp-box-size wp-post-image\" alt=\"Natalia Rzepniewska, estudiante de BUT y de la escuela de Verano Glocal\" \/><\/a>\n                            <h3><a href=\"https:\/\/glocal.pb.edu.pl\/es\/2022\/11\/10\/natalia-rzepniewska-estudiante-de-but-y-de-la-escuela-de-verano-glocal-represento-el-proyecto-glocal-en-la-conferencia-de-cracovia\/\" title=\"Natalia Rzepniewska, estudiante de BUT y de la escuela de verano Glocal, represent\u00f3 el proyecto Glocal en la Conferencia de Cracovia\">Natalia Rzepniewska, estudiante de BUT y de la escuela de verano Glocal, represent\u00f3 el proyecto Glocal en la Conferencia de Cracovia<\/a><\/h3>                            \n                            Natalia Rzepniewska, estudiante de PB y la escuela de verano Glocal, <a class=\"read-more\" href=\"https:\/\/glocal.pb.edu.pl\/es\/2022\/11\/10\/natalia-rzepniewska-estudiante-de-but-y-de-la-escuela-de-verano-glocal-represento-el-proyecto-glocal-en-la-conferencia-de-cracovia\/\" title=\"Natalia Rzepniewska, estudiante de BUT y de la escuela de verano Glocal, represent\u00f3 el proyecto Glocal en la Conferencia de Cracovia\">m\u00e1s<\/a>\n                        <\/article>\n                    <\/div>\n                                                    \n                    <div class=\"col-sm-3\">\n                        <article class=\"format-standard\">\n                            <span class=\"date text-right\"><i class=\"fa fa-calendar\"><\/i> 17-05-2022<\/span>\n                            <a href=\"https:\/\/glocal.pb.edu.pl\/es\/2022\/05\/17\/nuestras-publicaciones-han-llegado-a-la-biblioteca-de-ingenieria-civil-de-la-itu\/\" title=\"Nuestras publicaciones han llegado a la Biblioteca de Ingenier\u00eda Civil de la ITU\" class=\"article-image\"><img loading=\"lazy\" decoding=\"async\" width=\"480\" height=\"320\" src=\"https:\/\/glocal.pb.edu.pl\/es\/wp-content\/uploads\/sites\/3\/2023\/03\/ITU-480x320.jpg\" class=\"attachment-hp-box-size size-hp-box-size wp-post-image\" alt=\"Nuestras publicaciones han llegado a la Biblioteca de Ingenier\u00eda Civil de la ITU\" \/><\/a>\n                            <h3><a href=\"https:\/\/glocal.pb.edu.pl\/es\/2022\/05\/17\/nuestras-publicaciones-han-llegado-a-la-biblioteca-de-ingenieria-civil-de-la-itu\/\" title=\"Nuestras publicaciones han llegado a la Biblioteca de Ingenier\u00eda Civil de la ITU\">Nuestras publicaciones han llegado a la Biblioteca de Ingenier\u00eda Civil de la ITU<\/a><\/h3>                            \n                            Nuestras publicaciones han llegado a la Biblioteca de Ingenier\u00eda Civil de <a class=\"read-more\" href=\"https:\/\/glocal.pb.edu.pl\/es\/2022\/05\/17\/nuestras-publicaciones-han-llegado-a-la-biblioteca-de-ingenieria-civil-de-la-itu\/\" title=\"Nuestras publicaciones han llegado a la Biblioteca de Ingenier\u00eda Civil de la ITU\">m\u00e1s<\/a>\n                        <\/article>\n                    <\/div>\n                                                    \n                    <div class=\"col-sm-3\">\n                        <article class=\"format-standard\">\n                            <span class=\"date text-right\"><i class=\"fa fa-calendar\"><\/i> 14-05-2022<\/span>\n                            <a href=\"https:\/\/glocal.pb.edu.pl\/es\/2022\/05\/14\/profesores-de-la-universidad-de-bari-italia\/\" title=\"Profesores de la Universidad de Bari (Italia)\" class=\"article-image\"><img loading=\"lazy\" decoding=\"async\" width=\"480\" height=\"320\" src=\"https:\/\/glocal.pb.edu.pl\/es\/wp-content\/uploads\/sites\/3\/2023\/03\/Profesorowie-z-Uniwersytetu-w-Bari-W\u0142ochy-dostarcz\u0105-nasze-ksi\u0105\u017cki-do-swojej-Biblioteki-480x320.jpg\" class=\"attachment-hp-box-size size-hp-box-size wp-post-image\" alt=\"Profesorowie z Uniwersytetu w Bari (W\u0142ochy) dostarcz\u0105 nasze ksi\u0105\u017cki do swojej Biblioteki\" \/><\/a>\n                            <h3><a href=\"https:\/\/glocal.pb.edu.pl\/es\/2022\/05\/14\/profesores-de-la-universidad-de-bari-italia\/\" title=\"Profesores de la Universidad de Bari (Italia)\">Profesores de la Universidad de Bari (Italia)<\/a><\/h3>                            \n                            Profesores de la Universidad de Bari (Italia) entregar\u00e1n nuestros libros en <a class=\"read-more\" href=\"https:\/\/glocal.pb.edu.pl\/es\/2022\/05\/14\/profesores-de-la-universidad-de-bari-italia\/\" title=\"Profesores de la Universidad de Bari (Italia)\">m\u00e1s<\/a>\n                        <\/article>\n                    <\/div>\n                                                    \n                    <div class=\"col-sm-3\">\n                        <article class=\"format-standard\">\n                            <span class=\"date text-right\"><i class=\"fa fa-calendar\"><\/i> 16-03-2022<\/span>\n                            <a href=\"https:\/\/glocal.pb.edu.pl\/es\/2022\/03\/16\/visita-a-la-universidad-de-messina-italia\/\" title=\"Visita a la Universidad de Messina (Italia)\" class=\"article-image\"><img loading=\"lazy\" decoding=\"async\" width=\"480\" height=\"320\" src=\"https:\/\/glocal.pb.edu.pl\/es\/wp-content\/uploads\/sites\/3\/2023\/03\/GLOCAL3-480x320.jpg\" class=\"attachment-hp-box-size size-hp-box-size wp-post-image\" alt=\"Glocal\" \/><\/a>\n                            <h3><a href=\"https:\/\/glocal.pb.edu.pl\/es\/2022\/03\/16\/visita-a-la-universidad-de-messina-italia\/\" title=\"Visita a la Universidad de Messina (Italia)\">Visita a la Universidad de Messina (Italia)<\/a><\/h3>                            \n                            Impulsamos el proyecto Glocal Erasmus+ y sus resultados en la Universidad <a class=\"read-more\" href=\"https:\/\/glocal.pb.edu.pl\/es\/2022\/03\/16\/visita-a-la-universidad-de-messina-italia\/\" title=\"Visita a la Universidad de Messina (Italia)\">m\u00e1s<\/a>\n                        <\/article>\n                    <\/div>\n                                                    \n                    <div class=\"col-sm-3\">\n                        <article class=\"format-standard\">\n                            <span class=\"date text-right\"><i class=\"fa fa-calendar\"><\/i> 15-03-2022<\/span>\n                            <a href=\"https:\/\/glocal.pb.edu.pl\/es\/2022\/03\/15\/promocion-del-proyecto-glocal-durante-hibiwood-en-riga\/\" title=\"Promoci\u00f3n del proyecto Glocal durante HiBiWood en Riga\" class=\"article-image\"><img loading=\"lazy\" decoding=\"async\" width=\"480\" height=\"320\" src=\"https:\/\/glocal.pb.edu.pl\/es\/wp-content\/uploads\/sites\/3\/2023\/03\/kolegija-480x320.jpg\" class=\"attachment-hp-box-size size-hp-box-size wp-post-image\" alt=\"\" \/><\/a>\n                            <h3><a href=\"https:\/\/glocal.pb.edu.pl\/es\/2022\/03\/15\/promocion-del-proyecto-glocal-durante-hibiwood-en-riga\/\" title=\"Promoci\u00f3n del proyecto Glocal durante HiBiWood en Riga\">Promoci\u00f3n del proyecto Glocal durante HiBiWood en Riga<\/a><\/h3>                            \n                            Promoci\u00f3n del proyecto Glocal durante HiBiWood en Riga. Gracias Egle\ud83d\ude0a <a class=\"read-more\" href=\"https:\/\/glocal.pb.edu.pl\/es\/2022\/03\/15\/promocion-del-proyecto-glocal-durante-hibiwood-en-riga\/\" title=\"Promoci\u00f3n del proyecto Glocal durante HiBiWood en Riga\">m\u00e1s<\/a>\n                        <\/article>\n                    <\/div>\n                                                    \n                    <div class=\"col-sm-3\">\n                        <article class=\"format-standard\">\n                            <span class=\"date text-right\"><i class=\"fa fa-calendar\"><\/i> 02-12-2021<\/span>\n                            <a href=\"https:\/\/glocal.pb.edu.pl\/es\/2021\/12\/02\/promovemos-nuestros-resultados\/\" title=\"Promovemos Nuestros resultados\" class=\"article-image\"><img loading=\"lazy\" decoding=\"async\" width=\"480\" height=\"320\" src=\"https:\/\/glocal.pb.edu.pl\/es\/wp-content\/uploads\/sites\/3\/2023\/03\/artificial-intelligence-4389372_640-480x320.jpg\" class=\"attachment-hp-box-size size-hp-box-size wp-post-image\" alt=\"\" \/><\/a>\n                            <h3><a href=\"https:\/\/glocal.pb.edu.pl\/es\/2021\/12\/02\/promovemos-nuestros-resultados\/\" title=\"Promovemos Nuestros resultados\">Promovemos Nuestros resultados<\/a><\/h3>                            \n                            La rese\u00f1a de \u201cFuturo de la Ciudad\u201d apareci\u00f3 en EGE \u2013 <a class=\"read-more\" href=\"https:\/\/glocal.pb.edu.pl\/es\/2021\/12\/02\/promovemos-nuestros-resultados\/\" title=\"Promovemos Nuestros resultados\">m\u00e1s<\/a>\n                        <\/article>\n                    <\/div>\n                                                    \n                    <div class=\"col-sm-3\">\n                        <article class=\"format-standard\">\n                            <span class=\"date text-right\"><i class=\"fa fa-calendar\"><\/i> 02-12-2021<\/span>\n                            <a href=\"https:\/\/glocal.pb.edu.pl\/es\/2021\/12\/02\/celebracion-de-la-universidad-tecnologica-de-bialystok-2021\/\" title=\"Celebraci\u00f3n de la Universidad Tecnol\u00f3gica de Bialystok 2021\" class=\"article-image\"><img loading=\"lazy\" decoding=\"async\" width=\"480\" height=\"320\" src=\"https:\/\/glocal.pb.edu.pl\/es\/wp-content\/uploads\/sites\/3\/2023\/03\/Obraz3-480x320.jpg\" class=\"attachment-hp-box-size size-hp-box-size wp-post-image\" alt=\"Balstoges\" \/><\/a>\n                            <h3><a href=\"https:\/\/glocal.pb.edu.pl\/es\/2021\/12\/02\/celebracion-de-la-universidad-tecnologica-de-bialystok-2021\/\" title=\"Celebraci\u00f3n de la Universidad Tecnol\u00f3gica de Bialystok 2021\">Celebraci\u00f3n de la Universidad Tecnol\u00f3gica de Bialystok 2021<\/a><\/h3>                            \n                            Nela Galimska, graduada en econom\u00eda espacial en el BUT, recibi\u00f3 la <a class=\"read-more\" href=\"https:\/\/glocal.pb.edu.pl\/es\/2021\/12\/02\/celebracion-de-la-universidad-tecnologica-de-bialystok-2021\/\" title=\"Celebraci\u00f3n de la Universidad Tecnol\u00f3gica de Bialystok 2021\">m\u00e1s<\/a>\n                        <\/article>\n                    <\/div>\n                                                    \n                    <div class=\"col-sm-3\">\n                        <article class=\"format-standard\">\n                            <span class=\"date text-right\"><i class=\"fa fa-calendar\"><\/i> 27-11-2021<\/span>\n                            <a href=\"https:\/\/glocal.pb.edu.pl\/es\/2021\/11\/27\/visita-de-profesores-de-kvk-a-pb\/\" title=\"Visita de profesores de KVK a PB\" class=\"article-image\"><img loading=\"lazy\" decoding=\"async\" width=\"480\" height=\"320\" src=\"https:\/\/glocal.pb.edu.pl\/es\/wp-content\/uploads\/sites\/3\/2023\/03\/PB1-480x320.jpg\" class=\"attachment-hp-box-size size-hp-box-size wp-post-image\" alt=\"Visita de profesores de KVK a PB\" \/><\/a>\n                            <h3><a href=\"https:\/\/glocal.pb.edu.pl\/es\/2021\/11\/27\/visita-de-profesores-de-kvk-a-pb\/\" title=\"Visita de profesores de KVK a PB\">Visita de profesores de KVK a PB<\/a><\/h3>                            \n                            Como parte de la movilidad Erasmus+ la semana pasada (15-19.11.21), la <a class=\"read-more\" href=\"https:\/\/glocal.pb.edu.pl\/es\/2021\/11\/27\/visita-de-profesores-de-kvk-a-pb\/\" title=\"Visita de profesores de KVK a PB\">m\u00e1s<\/a>\n                        <\/article>\n                    <\/div>\n                                                    \n                    <div class=\"col-sm-3\">\n                        <article class=\"format-standard\">\n                            <span class=\"date text-right\"><i class=\"fa fa-calendar\"><\/i> 20-10-2021<\/span>\n                            <a href=\"https:\/\/glocal.pb.edu.pl\/es\/2021\/10\/20\/erasmus-days-2021-en-universidad-politecnica-de-madrid\/\" title=\"Erasmus Days 2021 en Universidad Politecnica de Madrid\" class=\"article-image\"><img loading=\"lazy\" decoding=\"async\" width=\"480\" height=\"320\" src=\"https:\/\/glocal.pb.edu.pl\/es\/wp-content\/uploads\/sites\/3\/2023\/03\/2021-10-14-ErasmusDay-F1-480x320.jpg\" class=\"attachment-hp-box-size size-hp-box-size wp-post-image\" alt=\"ErasmusDay\" \/><\/a>\n                            <h3><a href=\"https:\/\/glocal.pb.edu.pl\/es\/2021\/10\/20\/erasmus-days-2021-en-universidad-politecnica-de-madrid\/\" title=\"Erasmus Days 2021 en Universidad Politecnica de Madrid\">Erasmus Days 2021 en Universidad Politecnica de Madrid<\/a><\/h3>                            \n                            14.10.2021 El Proyecto Glocal se present\u00f3 como parte de Erasmus Days <a class=\"read-more\" href=\"https:\/\/glocal.pb.edu.pl\/es\/2021\/10\/20\/erasmus-days-2021-en-universidad-politecnica-de-madrid\/\" title=\"Erasmus Days 2021 en Universidad Politecnica de Madrid\">m\u00e1s<\/a>\n                        <\/article>\n                    <\/div>\n                                                    \n                    <div class=\"col-sm-3\">\n                        <article class=\"format-standard\">\n                            <span class=\"date text-right\"><i class=\"fa fa-calendar\"><\/i> 23-09-2021<\/span>\n                            <a href=\"https:\/\/glocal.pb.edu.pl\/es\/2021\/09\/23\/conferencia-internacional-de-practicas-cientificas-desarrollo-ambiental-sostenible-tecnologias-innovadoras\/\" title=\"Conferencia Internacional de Pr\u00e1cticas Cient\u00edficas \u00abDesarrollo ambiental sostenible: tecnolog\u00edas innovadoras\u00bb\" class=\"article-image\"><img loading=\"lazy\" decoding=\"async\" width=\"480\" height=\"320\" src=\"https:\/\/glocal.pb.edu.pl\/es\/wp-content\/uploads\/sites\/3\/2023\/03\/GLOCAL1-480x320.jpg\" class=\"attachment-hp-box-size size-hp-box-size wp-post-image\" alt=\"Conferencia\" \/><\/a>\n                            <h3><a href=\"https:\/\/glocal.pb.edu.pl\/es\/2021\/09\/23\/conferencia-internacional-de-practicas-cientificas-desarrollo-ambiental-sostenible-tecnologias-innovadoras\/\" title=\"Conferencia Internacional de Pr\u00e1cticas Cient\u00edficas \u00abDesarrollo ambiental sostenible: tecnolog\u00edas innovadoras\u00bb\">Conferencia Internacional de Pr\u00e1cticas Cient\u00edficas \u00abDesarrollo ambiental sostenible: tecnolog\u00edas innovadoras\u00bb<\/a><\/h3>                            \n                            Los maestros de Glocal participaron en la Conferencia Internacional de Pr\u00e1cticas <a class=\"read-more\" href=\"https:\/\/glocal.pb.edu.pl\/es\/2021\/09\/23\/conferencia-internacional-de-practicas-cientificas-desarrollo-ambiental-sostenible-tecnologias-innovadoras\/\" title=\"Conferencia Internacional de Pr\u00e1cticas Cient\u00edficas \u00abDesarrollo ambiental sostenible: tecnolog\u00edas innovadoras\u00bb\">m\u00e1s<\/a>\n                        <\/article>\n                    <\/div>\n                                       \n        <\/div>\n        \n\t<nav class=\"navigation pagination\" aria-label=\"Paginaci\u00f3n de entradas\">\n\t\t<h2 class=\"screen-reader-text\">Paginaci\u00f3n de entradas<\/h2>\n\t\t<div class=\"nav-links\"><span aria-current=\"page\" class=\"page-numbers current\">1<\/span>\n<a class=\"page-numbers\" href=\"https:\/\/glocal.pb.edu.pl\/es\/wp-json\/wp\/v2\/pages\/34\/page\/2\/\">2<\/a>\n<a class=\"next page-numbers\" href=\"https:\/\/glocal.pb.edu.pl\/es\/wp-json\/wp\/v2\/pages\/34\/page\/2\/\">Nast\u0119pne<\/a><\/div>\n\t<\/nav>           \n                                \n    <\/div>\n    \n","protected":false},"excerpt":{"rendered":"","protected":false},"author":2,"featured_media":0,"parent":0,"menu_order":5,"comment_status":"closed","ping_status":"closed","template":"","meta":{"ngg_post_thumbnail":0,"footnotes":""},"class_list":["post-34","page","type-page","status-publish","hentry"],"_links":{"self":[{"href":"https:\/\/glocal.pb.edu.pl\/es\/wp-json\/wp\/v2\/pages\/34","targetHints":{"allow":["GET"]}}],"collection":[{"href":"https:\/\/glocal.pb.edu.pl\/es\/wp-json\/wp\/v2\/pages"}],"about":[{"href":"https:\/\/glocal.pb.edu.pl\/es\/wp-json\/wp\/v2\/types\/page"}],"author":[{"embeddable":true,"href":"https:\/\/glocal.pb.edu.pl\/es\/wp-json\/wp\/v2\/users\/2"}],"replies":[{"embeddable":true,"href":"https:\/\/glocal.pb.edu.pl\/es\/wp-json\/wp\/v2\/comments?post=34"}],"version-history":[{"count":2,"href":"https:\/\/glocal.pb.edu.pl\/es\/wp-json\/wp\/v2\/pages\/34\/revisions"}],"predecessor-version":[{"id":69,"href":"https:\/\/glocal.pb.edu.pl\/es\/wp-json\/wp\/v2\/pages\/34\/revisions\/69"}],"wp:attachment":[{"href":"https:\/\/glocal.pb.edu.pl\/es\/wp-json\/wp\/v2\/media?parent=34"}],"curies":[{"name":"wp","href":"https:\/\/api.w.org\/{rel}","templated":true}]}}