{"id":24,"date":"2020-02-02T16:48:18","date_gmt":"2020-02-02T15:48:18","guid":{"rendered":"http:\/\/glocal.pb.edu.pl\/lt\/?page_id=24"},"modified":"2022-12-15T09:43:07","modified_gmt":"2022-12-15T08:43:07","slug":"apie-glocal","status":"publish","type":"page","link":"https:\/\/glocal.pb.edu.pl\/lt\/apie-glocal\/","title":{"rendered":"Apie projekt\u0105 \u201eGlocal\u201c"},"content":{"rendered":"<h2>GLOCAL &#8211; novatori\u0161kas b\u016bsim\u0173 in\u017einieri\u0173 mokymas, reaguojantis \u012f \u0161iuolaikini\u0173 miest\u0173 problemas. 2019-1-PL01-KA203-065654<\/h2>\n<h3>\u201eGLOCAL\u201c yra projektas, parodantis b\u016bsimiems in\u017einieriams, kaip m\u0105styti globaliai ir veikti lokaliai.<\/h3>\n<p>Projektas atitinka dabartinius Europos darbo rinkos poreikius ir atkreipia d\u0117mes\u012f \u012f gyvenimo lyg\u012f miestuose, in\u017einerijos pramonei keliamus l\u016bkes\u010dius, informacini\u0173 technologij\u0173 prieinamum\u0105 ir mobilumo poreikius. In\u017einieriai, dirbantys architekt\u016bros, statybos ir civilin\u0117s in\u017einerijos pramon\u0117je, turi pademonstruoti k\u016brybini\u0173 veiksm\u0173 ir bendradarbiavimo \u012fg\u016bd\u017eius tarpdisciplinin\u0117se ir tarptautin\u0117se dizaineri\u0173 ir rangov\u0173 komandose. 3 Europos universitet\u0173 konsorciumas \u012fgyvendins pagrindin\u012f projekto tiksl\u0105. Per tris trumpus mokymus akademinis personalas tobulins \u0161iuolaikinio \u0161vietimo \u012fg\u016bd\u017eius, keisis tarpdisciplinin\u0117mis \u017einiomis ir u\u017emegs mokslinius ry\u0161ius.<\/p>\n<p>40 m\u0117nesiai (2019 09 01 \u2013 2022 12 31)<br \/>\nFinansavimas i\u0161 programos Erasmus + l\u0117\u0161\u0173: 300 860,00 EUR<\/p>\n<p>&nbsp;<\/p>\n<h4><strong>Project participants<\/strong><\/h4>\n<div class=\"col-sm-4\">\n<div class=\"image\"><a title=\"Bialystok University of Technology, Poland\" href=\"www.pb.edu.pl\"><img decoding=\"async\" class=\"aligncenter\" src=\"http:\/\/glocal.pb.edu.pl\/wp-content\/uploads\/2020\/02\/PB-logo.jpg\" alt=\"Bialystok University of Technology, Poland\"><\/a><\/div>\n<\/div>\n<div class=\"col-sm-4\">\n<div class=\"image\"><a title=\"Universidad Politecnica de Madrid, Spain\" href=\"http:\/\/www.upm.es\/\"><br \/>\n<img decoding=\"async\" class=\"aligncenter\" src=\"http:\/\/glocal.pb.edu.pl\/wp-content\/uploads\/2020\/02\/Universidad-Polit\u00e9cnica-De-Madrid-Logo.jpg\" alt=\"Universidad Politecnica de Madrid, Spain\"><\/a><\/div>\n<\/div>\n<div class=\"col-sm-4\">\n<div class=\"image\"><a title=\"Klaipeda State University of Applied Sciences, Lithuania\" href=\"https:\/\/www.kvk.lt\/en\/\"><img decoding=\"async\" class=\"aligncenter\" src=\"http:\/\/glocal.pb.edu.pl\/wp-content\/uploads\/2020\/01\/KVK-logo.jpg\" alt=\"Klaipeda State University of Applied Sciences, Lithuania\"><\/a><\/div>\n<\/div>\n<p>&nbsp;<\/p>\n<p>&nbsp;<br \/>\n&nbsp;&nbsp;&nbsp;&nbsp;<\/p>\n<p><\/p>\n<p><strong>Our partners:<\/strong><\/p>\n<div class=\"col-sm-4\">\n<div class=\"image\"><a href=\"https:\/\/www.doerken.com\/pl\/\"><img decoding=\"async\" class=\"aligncenter\" src=\"http:\/\/glocal.pb.edu.pl\/wp-content\/uploads\/2021\/04\/dorken_logo.jpg\" alt=\"Dorken Delta Folie Sp. z o.o.\"><\/a><\/div>\n<\/div>\n<div class=\"col-sm-4\">\n<div class=\"image\"><a href=\"http:\/\/glocal.pb.edu.pl\/wp-content\/uploads\/2022\/12\/FPP.png\"><img loading=\"lazy\" decoding=\"async\" class=\"alignnone size-full wp-image-797\" src=\"http:\/\/glocal.pb.edu.pl\/wp-content\/uploads\/2022\/12\/FPP.png\" alt=\"FPP\" width=\"555\" height=\"255\"><\/a><\/div>\n<\/div>\n<div class=\"col-sm-4\">\n<div class=\"image\"><a href=\"http:\/\/glocal.pb.edu.pl\/wp-content\/uploads\/2022\/12\/proiescon.png\"><img loading=\"lazy\" decoding=\"async\" class=\"alignnone size-full wp-image-799\" src=\"http:\/\/glocal.pb.edu.pl\/wp-content\/uploads\/2022\/12\/proiescon.png\" alt=\"PROIESCON\" width=\"579\" height=\"210\"><\/a><\/div>\n<\/div>\n<p>&nbsp;<br \/>\n&nbsp;<\/p>\n<div class=\"col-sm-4\">\n<div class=\"image\"><a href=\"http:\/\/glocal.pb.edu.pl\/wp-content\/uploads\/2022\/12\/spak.png\"><img loading=\"lazy\" decoding=\"async\" class=\"alignnone size-full wp-image-801\" src=\"http:\/\/glocal.pb.edu.pl\/wp-content\/uploads\/2022\/12\/spak.png\" alt=\"SPAK\" width=\"501\" height=\"183\"><\/a><\/div>\n<\/div>\n<div class=\"col-sm-4\">\n<div class=\"image\"><a href=\"http:\/\/glocal.pb.edu.pl\/wp-content\/uploads\/2022\/12\/spak_podlasie.png\"><img loading=\"lazy\" decoding=\"async\" class=\"alignnone size-full wp-image-802\" src=\"http:\/\/glocal.pb.edu.pl\/wp-content\/uploads\/2022\/12\/spak_podlasie.png\" alt=\"\" width=\"496\" height=\"270\"><\/a><\/div>\n<\/div>\n<div class=\"col-sm-4\">\n<div class=\"image\"><a href=\"http:\/\/glocal.pb.edu.pl\/wp-content\/uploads\/2022\/12\/urzad-gminy-hajnowka.png\"><img loading=\"lazy\" decoding=\"async\" class=\"alignnone size-full wp-image-804\" src=\"http:\/\/glocal.pb.edu.pl\/wp-content\/uploads\/2022\/12\/urzad-gminy-hajnowka.png\" alt=\"\" width=\"576\" height=\"128\"><\/a><\/div>\n<\/div>\n<p>&nbsp;<br \/>\n&nbsp;<\/p>\n<div class=\"col-sm-4\">\n<div class=\"image\"><a href=\"http:\/\/glocal.pb.edu.pl\/wp-content\/uploads\/2022\/12\/SARP.jpg\"><img loading=\"lazy\" decoding=\"async\" class=\"alignnone size-full wp-image-800\" src=\"http:\/\/glocal.pb.edu.pl\/wp-content\/uploads\/2022\/12\/SARP.jpg\" alt=\"SARP\" width=\"1353\" height=\"619\"><\/a><\/div>\n<\/div>\n<div class=\"col-sm-4\">\n<div class=\"image\"><a href=\"http:\/\/glocal.pb.edu.pl\/wp-content\/uploads\/2022\/12\/urzad-miejski-w-supraslu.png\"><img loading=\"lazy\" decoding=\"async\" class=\"alignnone size-full wp-image-805\" src=\"http:\/\/glocal.pb.edu.pl\/wp-content\/uploads\/2022\/12\/urzad-miejski-w-supraslu.png\" alt=\"Urz\u0105d Miejski w Supra\u015blu\" width=\"437\" height=\"332\"><\/a><\/div>\n<\/div>\n<div class=\"col-sm-4\">\n<div class=\"image\"><a href=\"http:\/\/glocal.pb.edu.pl\/wp-content\/uploads\/2022\/12\/towarzystwo-urbanistow-polskich.png\"><img loading=\"lazy\" decoding=\"async\" class=\"alignnone size-full wp-image-803\" src=\"http:\/\/glocal.pb.edu.pl\/wp-content\/uploads\/2022\/12\/towarzystwo-urbanistow-polskich.png\" alt=\"TOWARZYSTWO URBANIST\u00d3W POLSKICH ODDZIA\u0141 W BIA\u0141YMSTOKU\" width=\"261\" height=\"217\"><br \/>\nTOWARZYSTWO URBANIST\u00d3W POLSKICH ODDZIA\u0141 W BIA\u0141YMSTOKU<br \/>\nROK ZA\u0141O\u017bENIA 1923<br \/>\nSOCIETY OF POLISH TOWN PLANNERS \u2013 SOCIETE DES URBANISTES POLONAIS<\/a><\/div>\n<\/div>\n<p>&nbsp;<br \/>\n&nbsp;<\/p>\n<div class=\"col-sm-4\">\n<div class=\"image\"><a href=\"http:\/\/glocal.pb.edu.pl\/wp-content\/uploads\/2022\/12\/narwianski-park-narodowy.png\"><img loading=\"lazy\" decoding=\"async\" class=\"alignnone size-full wp-image-798\" src=\"http:\/\/glocal.pb.edu.pl\/wp-content\/uploads\/2022\/12\/narwianski-park-narodowy.png\" alt=\"Narwia\u0144ski Park Narodowy\" width=\"960\" height=\"960\"><\/a><\/div>\n<\/div>\n<div class=\"col-sm-4\">\n<div class=\"image\">&nbsp;<\/div>\n<\/div>\n<div class=\"col-sm-4\">\n<div class=\"image\">&nbsp;<\/div>\n<\/div>\n<p>&nbsp;<\/p>\n","protected":false},"excerpt":{"rendered":"<p>GLOCAL &#8211; novatori\u0161kas b\u016bsim\u0173 in\u017einieri\u0173 mokymas, reaguojantis \u012f \u0161iuolaikini\u0173 miest\u0173 problemas. 2019-1-PL01-KA203-065654 \u201eGLOCAL\u201c yra projektas,<a class=\"read-more\" href=\"https:\/\/glocal.pb.edu.pl\/lt\/apie-glocal\/\" title=\"Poka\u017c artyku\u0142 Apie projekt\u0105 \u201eGlocal\u201c\">wi\u0119cej<\/a><\/p>\n","protected":false},"author":2,"featured_media":0,"parent":0,"menu_order":1,"comment_status":"closed","ping_status":"closed","template":"","meta":{"ngg_post_thumbnail":0,"footnotes":""},"class_list":["post-24","page","type-page","status-publish","hentry"],"_links":{"self":[{"href":"https:\/\/glocal.pb.edu.pl\/lt\/wp-json\/wp\/v2\/pages\/24","targetHints":{"allow":["GET"]}}],"collection":[{"href":"https:\/\/glocal.pb.edu.pl\/lt\/wp-json\/wp\/v2\/pages"}],"about":[{"href":"https:\/\/glocal.pb.edu.pl\/lt\/wp-json\/wp\/v2\/types\/page"}],"author":[{"embeddable":true,"href":"https:\/\/glocal.pb.edu.pl\/lt\/wp-json\/wp\/v2\/users\/2"}],"replies":[{"embeddable":true,"href":"https:\/\/glocal.pb.edu.pl\/lt\/wp-json\/wp\/v2\/comments?post=24"}],"version-history":[{"count":10,"href":"https:\/\/glocal.pb.edu.pl\/lt\/wp-json\/wp\/v2\/pages\/24\/revisions"}],"predecessor-version":[{"id":241,"href":"https:\/\/glocal.pb.edu.pl\/lt\/wp-json\/wp\/v2\/pages\/24\/revisions\/241"}],"wp:attachment":[{"href":"https:\/\/glocal.pb.edu.pl\/lt\/wp-json\/wp\/v2\/media?parent=24"}],"curies":[{"name":"wp","href":"https:\/\/api.w.org\/{rel}","templated":true}]}}