{"id":26,"date":"2020-02-02T16:49:02","date_gmt":"2020-02-02T15:49:02","guid":{"rendered":"http:\/\/glocal.pb.edu.pl\/lt\/?page_id=26"},"modified":"2020-06-27T21:19:53","modified_gmt":"2020-06-27T19:19:53","slug":"personalo-mokymas","status":"publish","type":"page","link":"https:\/\/glocal.pb.edu.pl\/lt\/personalo-mokymas\/","title":{"rendered":"Personalo mokymas"},"content":{"rendered":"    <div class=\"box news-box\">       \n        <div class=\"row\">\n            \n                                                            \n                    <div class=\"col-sm-3\">\n                        <article class=\"format-gallery\">\n                            <span class=\"date text-right\"><i class=\"fa fa-calendar\"><\/i> 26-09-2021<\/span>\n                            <a href=\"https:\/\/glocal.pb.edu.pl\/lt\/2021\/09\/26\/tretieji-mokymai-c3-projekto-glocal-klaipedoje\/\" title=\"Tretieji mokymai (C3) projekto GLOCAL  Klaip\u0117doje\" class=\"article-image\"><img loading=\"lazy\" decoding=\"async\" width=\"480\" height=\"320\" src=\"https:\/\/glocal.pb.edu.pl\/lt\/wp-content\/uploads\/sites\/4\/2023\/02\/2021_09_21_Szkolenie_Klajpeda-3-480x320.jpg\" class=\"attachment-hp-box-size size-hp-box-size wp-post-image\" alt=\"Tretieji mokymai (C3) projekto GLOCAL Klaip\u0117doje\" \/><\/a>\n                            <h3><a href=\"https:\/\/glocal.pb.edu.pl\/lt\/2021\/09\/26\/tretieji-mokymai-c3-projekto-glocal-klaipedoje\/\" title=\"Tretieji mokymai (C3) projekto GLOCAL  Klaip\u0117doje\">Tretieji mokymai (C3) projekto GLOCAL  Klaip\u0117doje<\/a><\/h3>                            \n                            Tretieji mokymai (C3) projekto GLOCAL mokytojams vyko 2021 m. rugs\u0117jo 20-24 <a class=\"read-more\" href=\"https:\/\/glocal.pb.edu.pl\/lt\/2021\/09\/26\/tretieji-mokymai-c3-projekto-glocal-klaipedoje\/\" title=\"Tretieji mokymai (C3) projekto GLOCAL  Klaip\u0117doje\">wi\u0119cej<\/a>\n                        <\/article>\n                    <\/div>\n                                                    \n                    <div class=\"col-sm-3\">\n                        <article class=\"format-gallery\">\n                            <span class=\"date text-right\"><i class=\"fa fa-calendar\"><\/i> 09-07-2021<\/span>\n                            <a href=\"https:\/\/glocal.pb.edu.pl\/lt\/2021\/07\/09\/trumpalaikiai-personal-mokymai-c2-projekto-glocal-mokytojams-madride\/\" title=\"Trumpalaikiai personal mokymai C2 projekto Glocal mokytojams Madride.\" class=\"article-image\"><img loading=\"lazy\" decoding=\"async\" width=\"480\" height=\"320\" src=\"https:\/\/glocal.pb.edu.pl\/lt\/wp-content\/uploads\/sites\/4\/2023\/02\/szkolenie-erasmus-glocal-8-480x320.jpg\" class=\"attachment-hp-box-size size-hp-box-size wp-post-image\" alt=\"Trumpalaikiai personal mokymai C2 projekto Glocal mokytojams Madride.\" \/><\/a>\n                            <h3><a href=\"https:\/\/glocal.pb.edu.pl\/lt\/2021\/07\/09\/trumpalaikiai-personal-mokymai-c2-projekto-glocal-mokytojams-madride\/\" title=\"Trumpalaikiai personal mokymai C2 projekto Glocal mokytojams Madride.\">Trumpalaikiai personal mokymai C2 projekto Glocal mokytojams Madride.<\/a><\/h3>                            \n                            2021-06-21-25 (UPM-ETSEM, Avda. Juan de Herrera 6) buvo surengti antrieji trumpalaikiai <a class=\"read-more\" href=\"https:\/\/glocal.pb.edu.pl\/lt\/2021\/07\/09\/trumpalaikiai-personal-mokymai-c2-projekto-glocal-mokytojams-madride\/\" title=\"Trumpalaikiai personal mokymai C2 projekto Glocal mokytojams Madride.\">wi\u0119cej<\/a>\n                        <\/article>\n                    <\/div>\n                                                    \n                    <div class=\"col-sm-3\">\n                        <article class=\"format-standard\">\n                            <span class=\"date text-right\"><i class=\"fa fa-calendar\"><\/i> 24-03-2020<\/span>\n                            <a href=\"https:\/\/glocal.pb.edu.pl\/lt\/2020\/03\/24\/personalo-mokymo-atidejimas\/\" title=\"Personalo mokymo atid\u0117jimas\" class=\"article-image\"><img loading=\"lazy\" decoding=\"async\" width=\"480\" height=\"320\" src=\"https:\/\/glocal.pb.edu.pl\/lt\/wp-content\/uploads\/sites\/4\/2021\/04\/office-594132_1280-480x320.jpg\" class=\"attachment-hp-box-size size-hp-box-size wp-post-image\" alt=\"Personalo mokymo atid\u0117jimas\" srcset=\"https:\/\/glocal.pb.edu.pl\/lt\/wp-content\/uploads\/sites\/4\/2021\/04\/office-594132_1280-480x320.jpg 480w, https:\/\/glocal.pb.edu.pl\/lt\/wp-content\/uploads\/sites\/4\/2021\/04\/office-594132_1280-300x200.jpg 300w, https:\/\/glocal.pb.edu.pl\/lt\/wp-content\/uploads\/sites\/4\/2021\/04\/office-594132_1280-1024x682.jpg 1024w, https:\/\/glocal.pb.edu.pl\/lt\/wp-content\/uploads\/sites\/4\/2021\/04\/office-594132_1280-768x512.jpg 768w, https:\/\/glocal.pb.edu.pl\/lt\/wp-content\/uploads\/sites\/4\/2021\/04\/office-594132_1280.jpg 1280w\" sizes=\"auto, (max-width: 480px) 100vw, 480px\" \/><\/a>\n                            <h3><a href=\"https:\/\/glocal.pb.edu.pl\/lt\/2020\/03\/24\/personalo-mokymo-atidejimas\/\" title=\"Personalo mokymo atid\u0117jimas\">Personalo mokymo atid\u0117jimas<\/a><\/h3>                            \n                            D\u0117l sunkum\u0173, susijusi\u0173 su pandemija \u201eCovid-19\u201c, buvo nuspr\u0119sta atid\u0117ti antr\u0173j\u0173 trumpalaiki\u0173 <a class=\"read-more\" href=\"https:\/\/glocal.pb.edu.pl\/lt\/2020\/03\/24\/personalo-mokymo-atidejimas\/\" title=\"Personalo mokymo atid\u0117jimas\">wi\u0119cej<\/a>\n                        <\/article>\n                    <\/div>\n                                                    \n                    <div class=\"col-sm-3\">\n                        <article class=\"format-standard\">\n                            <span class=\"date text-right\"><i class=\"fa fa-calendar\"><\/i> 08-03-2020<\/span>\n                            <a href=\"https:\/\/glocal.pb.edu.pl\/lt\/2020\/03\/08\/e-mokymai-bialystoke-lenkija\/\" title=\"e-mokymai Bialystoke (Lenkija)\" class=\"article-image\"><img loading=\"lazy\" decoding=\"async\" width=\"480\" height=\"320\" src=\"https:\/\/glocal.pb.edu.pl\/lt\/wp-content\/uploads\/sites\/4\/2021\/04\/8c-480x320.jpg\" class=\"attachment-hp-box-size size-hp-box-size wp-post-image\" alt=\"e-mokymai Bialystoke\" \/><\/a>\n                            <h3><a href=\"https:\/\/glocal.pb.edu.pl\/lt\/2020\/03\/08\/e-mokymai-bialystoke-lenkija\/\" title=\"e-mokymai Bialystoke (Lenkija)\">e-mokymai Bialystoke (Lenkija)<\/a><\/h3>                            \n                            Pirmieji trumpalaikiai jungtiniai darbuotoj\u0173 mokymai \u201eE-mokymai\u201c (C1), skirti GLOCAL projekto darbuotojams, <a class=\"read-more\" href=\"https:\/\/glocal.pb.edu.pl\/lt\/2020\/03\/08\/e-mokymai-bialystoke-lenkija\/\" title=\"e-mokymai Bialystoke (Lenkija)\">wi\u0119cej<\/a>\n                        <\/article>\n                    <\/div>\n                                       \n        <\/div>\n                   \n                                \n    <\/div>\n    \n","protected":false},"excerpt":{"rendered":"","protected":false},"author":2,"featured_media":0,"parent":0,"menu_order":2,"comment_status":"closed","ping_status":"closed","template":"","meta":{"ngg_post_thumbnail":0,"footnotes":""},"class_list":["post-26","page","type-page","status-publish","hentry"],"_links":{"self":[{"href":"https:\/\/glocal.pb.edu.pl\/lt\/wp-json\/wp\/v2\/pages\/26","targetHints":{"allow":["GET"]}}],"collection":[{"href":"https:\/\/glocal.pb.edu.pl\/lt\/wp-json\/wp\/v2\/pages"}],"about":[{"href":"https:\/\/glocal.pb.edu.pl\/lt\/wp-json\/wp\/v2\/types\/page"}],"author":[{"embeddable":true,"href":"https:\/\/glocal.pb.edu.pl\/lt\/wp-json\/wp\/v2\/users\/2"}],"replies":[{"embeddable":true,"href":"https:\/\/glocal.pb.edu.pl\/lt\/wp-json\/wp\/v2\/comments?post=26"}],"version-history":[{"count":2,"href":"https:\/\/glocal.pb.edu.pl\/lt\/wp-json\/wp\/v2\/pages\/26\/revisions"}],"predecessor-version":[{"id":69,"href":"https:\/\/glocal.pb.edu.pl\/lt\/wp-json\/wp\/v2\/pages\/26\/revisions\/69"}],"wp:attachment":[{"href":"https:\/\/glocal.pb.edu.pl\/lt\/wp-json\/wp\/v2\/media?parent=26"}],"curies":[{"name":"wp","href":"https:\/\/api.w.org\/{rel}","templated":true}]}}