{"id":28,"date":"2020-02-02T16:49:57","date_gmt":"2020-02-02T15:49:57","guid":{"rendered":"http:\/\/glocal.pb.edu.pl\/lt\/?page_id=28"},"modified":"2020-06-27T21:20:46","modified_gmt":"2020-06-27T19:20:46","slug":"vasaros-mokykla","status":"publish","type":"page","link":"https:\/\/glocal.pb.edu.pl\/lt\/vasaros-mokykla\/","title":{"rendered":"Vasaros mokykla"},"content":{"rendered":"    <div class=\"box news-box\">       \n        <div class=\"row\">\n            \n                                                            \n                    <div class=\"col-sm-3\">\n                        <article class=\"format-gallery\">\n                            <span class=\"date text-right\"><i class=\"fa fa-calendar\"><\/i> 30-09-2022<\/span>\n                            <a href=\"https:\/\/glocal.pb.edu.pl\/lt\/2022\/09\/30\/antroji-glocal-1-ir-glocal-2-vasaros-mokyklu-madride-dalis\/\" title=\"Antroji \u201eGlocal 1\u201c ir \u201eGlocal 2\u201c vasaros mokykl\u0173 Madride dalis\" class=\"article-image\"><img loading=\"lazy\" decoding=\"async\" width=\"480\" height=\"320\" src=\"https:\/\/glocal.pb.edu.pl\/lt\/wp-content\/uploads\/sites\/4\/2023\/02\/Summer_schol_22_161219-1-480x320.jpg\" class=\"attachment-hp-box-size size-hp-box-size wp-post-image\" alt=\"Antroji \u201eGlocal 1\u201c ir \u201eGlocal 2\u201c vasaros mokykl\u0173 Madride dalis\" \/><\/a>\n                            <h3><a href=\"https:\/\/glocal.pb.edu.pl\/lt\/2022\/09\/30\/antroji-glocal-1-ir-glocal-2-vasaros-mokyklu-madride-dalis\/\" title=\"Antroji \u201eGlocal 1\u201c ir \u201eGlocal 2\u201c vasaros mokykl\u0173 Madride dalis\">Antroji \u201eGlocal 1\u201c ir \u201eGlocal 2\u201c vasaros mokykl\u0173 Madride dalis<\/a><\/h3>                            \n                            Antroji \u201eGlocal 1\u201c (C5) ir GLOCAL 2 (C7) vasaros mokykl\u0173 dalis <a class=\"read-more\" href=\"https:\/\/glocal.pb.edu.pl\/lt\/2022\/09\/30\/antroji-glocal-1-ir-glocal-2-vasaros-mokyklu-madride-dalis\/\" title=\"Antroji \u201eGlocal 1\u201c ir \u201eGlocal 2\u201c vasaros mokykl\u0173 Madride dalis\">wi\u0119cej<\/a>\n                        <\/article>\n                    <\/div>\n                                                    \n                    <div class=\"col-sm-3\">\n                        <article class=\"format-gallery\">\n                            <span class=\"date text-right\"><i class=\"fa fa-calendar\"><\/i> 11-07-2022<\/span>\n                            <a href=\"https:\/\/glocal.pb.edu.pl\/lt\/2022\/07\/11\/pirmoji-glocal-2-vasaros-mokyklos-dalis-klaipedoje\/\" title=\"Pirmoji \u201eGlocal 2\u201c vasaros mokyklos dalis Klaipedoje\" class=\"article-image\"><img loading=\"lazy\" decoding=\"async\" width=\"480\" height=\"320\" src=\"https:\/\/glocal.pb.edu.pl\/lt\/wp-content\/uploads\/sites\/4\/2023\/02\/IMG-Summer_schol_21-WA0003-480x320.jpg\" class=\"attachment-hp-box-size size-hp-box-size wp-post-image\" alt=\"Pirmoji \u201eGlocal 2\u201c vasaros mokyklos dalis Klaipedoje\" \/><\/a>\n                            <h3><a href=\"https:\/\/glocal.pb.edu.pl\/lt\/2022\/07\/11\/pirmoji-glocal-2-vasaros-mokyklos-dalis-klaipedoje\/\" title=\"Pirmoji \u201eGlocal 2\u201c vasaros mokyklos dalis Klaipedoje\">Pirmoji \u201eGlocal 2\u201c vasaros mokyklos dalis Klaipedoje<\/a><\/h3>                            \n                            Pirmoji \u201eGlocal 2\u201c (C6) vasaros mokyklos dalis \u012fvyko 2022 m. Bir\u017eelio <a class=\"read-more\" href=\"https:\/\/glocal.pb.edu.pl\/lt\/2022\/07\/11\/pirmoji-glocal-2-vasaros-mokyklos-dalis-klaipedoje\/\" title=\"Pirmoji \u201eGlocal 2\u201c vasaros mokyklos dalis Klaipedoje\">wi\u0119cej<\/a>\n                        <\/article>\n                    <\/div>\n                                                    \n                    <div class=\"col-sm-3\">\n                        <article class=\"format-gallery\">\n                            <span class=\"date text-right\"><i class=\"fa fa-calendar\"><\/i> 25-04-2022<\/span>\n                            <a href=\"https:\/\/glocal.pb.edu.pl\/lt\/2022\/04\/25\/la-primera-parte-de-glocal-1-summer-school-en-bialystok-polonia\/\" title=\"La primera parte de Glocal 1 Summer School en Bialystok (Polonia)\" class=\"article-image\"><img loading=\"lazy\" decoding=\"async\" width=\"480\" height=\"320\" src=\"https:\/\/glocal.pb.edu.pl\/lt\/wp-content\/uploads\/sites\/4\/2023\/02\/summer_schol_bialystok08_163454-1-480x320.jpg\" class=\"attachment-hp-box-size size-hp-box-size wp-post-image\" alt=\"La primera parte de Glocal 1 Summer School en Bialystok (Polonia)\" \/><\/a>\n                            <h3><a href=\"https:\/\/glocal.pb.edu.pl\/lt\/2022\/04\/25\/la-primera-parte-de-glocal-1-summer-school-en-bialystok-polonia\/\" title=\"La primera parte de Glocal 1 Summer School en Bialystok (Polonia)\">La primera parte de Glocal 1 Summer School en Bialystok (Polonia)<\/a><\/h3>                            \n                            Pirmoji \u201eGlocal 1\u201c (C4) vasaros mokyklos dalis \u012fvyko 2022 m. Baland\u017eio <a class=\"read-more\" href=\"https:\/\/glocal.pb.edu.pl\/lt\/2022\/04\/25\/la-primera-parte-de-glocal-1-summer-school-en-bialystok-polonia\/\" title=\"La primera parte de Glocal 1 Summer School en Bialystok (Polonia)\">wi\u0119cej<\/a>\n                        <\/article>\n                    <\/div>\n                                                    \n                    <div class=\"col-sm-3\">\n                        <article class=\"format-standard\">\n                            <span class=\"date text-right\"><i class=\"fa fa-calendar\"><\/i> 15-05-2020<\/span>\n                            <a href=\"https:\/\/glocal.pb.edu.pl\/lt\/2020\/05\/15\/vasaros-mokyklos-data-keiciama\/\" title=\"Vasaros mokyklos data kei\u010diama\" class=\"article-image\"><img loading=\"lazy\" decoding=\"async\" width=\"480\" height=\"320\" src=\"https:\/\/glocal.pb.edu.pl\/lt\/wp-content\/uploads\/sites\/4\/2021\/05\/summer_scool-480x320.jpg\" class=\"attachment-hp-box-size size-hp-box-size wp-post-image\" alt=\"vasaros mokykla\" srcset=\"https:\/\/glocal.pb.edu.pl\/lt\/wp-content\/uploads\/sites\/4\/2021\/05\/summer_scool-480x320.jpg 480w, https:\/\/glocal.pb.edu.pl\/lt\/wp-content\/uploads\/sites\/4\/2021\/05\/summer_scool-300x200.jpg 300w, https:\/\/glocal.pb.edu.pl\/lt\/wp-content\/uploads\/sites\/4\/2021\/05\/summer_scool-1024x682.jpg 1024w, https:\/\/glocal.pb.edu.pl\/lt\/wp-content\/uploads\/sites\/4\/2021\/05\/summer_scool-768x512.jpg 768w, https:\/\/glocal.pb.edu.pl\/lt\/wp-content\/uploads\/sites\/4\/2021\/05\/summer_scool.jpg 1280w\" sizes=\"auto, (max-width: 480px) 100vw, 480px\" \/><\/a>\n                            <h3><a href=\"https:\/\/glocal.pb.edu.pl\/lt\/2020\/05\/15\/vasaros-mokyklos-data-keiciama\/\" title=\"Vasaros mokyklos data kei\u010diama\">Vasaros mokyklos data kei\u010diama<\/a><\/h3>                            \n                            Deja, \u0161ie metai (2020 m.) d\u0117l problem\u0173, kurias suk\u0117l\u0117 \u201eCovid-19\u201c GLOCAL <a class=\"read-more\" href=\"https:\/\/glocal.pb.edu.pl\/lt\/2020\/05\/15\/vasaros-mokyklos-data-keiciama\/\" title=\"Vasaros mokyklos data kei\u010diama\">wi\u0119cej<\/a>\n                        <\/article>\n                    <\/div>\n                                       \n        <\/div>\n                   \n                                \n    <\/div>\n    \n","protected":false},"excerpt":{"rendered":"","protected":false},"author":2,"featured_media":0,"parent":0,"menu_order":3,"comment_status":"closed","ping_status":"closed","template":"","meta":{"ngg_post_thumbnail":0,"footnotes":""},"class_list":["post-28","page","type-page","status-publish","hentry"],"_links":{"self":[{"href":"https:\/\/glocal.pb.edu.pl\/lt\/wp-json\/wp\/v2\/pages\/28","targetHints":{"allow":["GET"]}}],"collection":[{"href":"https:\/\/glocal.pb.edu.pl\/lt\/wp-json\/wp\/v2\/pages"}],"about":[{"href":"https:\/\/glocal.pb.edu.pl\/lt\/wp-json\/wp\/v2\/types\/page"}],"author":[{"embeddable":true,"href":"https:\/\/glocal.pb.edu.pl\/lt\/wp-json\/wp\/v2\/users\/2"}],"replies":[{"embeddable":true,"href":"https:\/\/glocal.pb.edu.pl\/lt\/wp-json\/wp\/v2\/comments?post=28"}],"version-history":[{"count":2,"href":"https:\/\/glocal.pb.edu.pl\/lt\/wp-json\/wp\/v2\/pages\/28\/revisions"}],"predecessor-version":[{"id":70,"href":"https:\/\/glocal.pb.edu.pl\/lt\/wp-json\/wp\/v2\/pages\/28\/revisions\/70"}],"wp:attachment":[{"href":"https:\/\/glocal.pb.edu.pl\/lt\/wp-json\/wp\/v2\/media?parent=28"}],"curies":[{"name":"wp","href":"https:\/\/api.w.org\/{rel}","templated":true}]}}