{"id":34,"date":"2020-02-02T16:52:36","date_gmt":"2020-02-02T15:52:36","guid":{"rendered":"http:\/\/glocal.pb.edu.pl\/lt\/?page_id=34"},"modified":"2020-06-27T21:21:53","modified_gmt":"2020-06-27T19:21:53","slug":"sklaidos-renginiai","status":"publish","type":"page","link":"https:\/\/glocal.pb.edu.pl\/lt\/sklaidos-renginiai\/","title":{"rendered":"Sklaidos renginiai"},"content":{"rendered":"    <div class=\"box news-box\">       \n        <div class=\"row\">\n            \n                                                            \n                    <div class=\"col-sm-3\">\n                        <article class=\"format-gallery\">\n                            <span class=\"date text-right\"><i class=\"fa fa-calendar\"><\/i> 15-03-2023<\/span>\n                            <a href=\"https:\/\/glocal.pb.edu.pl\/lt\/2023\/03\/15\/musu-knygas-rasite-universidad-politecnica-de-valencia-bibliotekoje\/\" title=\"M\u016bs\u0173 knygas rasite Universidad Politecnica de Valencia bibliotekoje\" class=\"article-image\"><img loading=\"lazy\" decoding=\"async\" width=\"480\" height=\"320\" src=\"https:\/\/glocal.pb.edu.pl\/lt\/wp-content\/uploads\/sites\/4\/2023\/04\/kasiazka2-480x320.jpg\" class=\"attachment-hp-box-size size-hp-box-size wp-post-image\" alt=\"\" \/><\/a>\n                            <h3><a href=\"https:\/\/glocal.pb.edu.pl\/lt\/2023\/03\/15\/musu-knygas-rasite-universidad-politecnica-de-valencia-bibliotekoje\/\" title=\"M\u016bs\u0173 knygas rasite Universidad Politecnica de Valencia bibliotekoje\">M\u016bs\u0173 knygas rasite Universidad Politecnica de Valencia bibliotekoje<\/a><\/h3>                            \n                            Dalinam\u0117s Glocal rezultatais:) M\u016bs\u0173 knygas rasite Universidad Politecnica de Valencia bibliotekoje. <a class=\"read-more\" href=\"https:\/\/glocal.pb.edu.pl\/lt\/2023\/03\/15\/musu-knygas-rasite-universidad-politecnica-de-valencia-bibliotekoje\/\" title=\"M\u016bs\u0173 knygas rasite Universidad Politecnica de Valencia bibliotekoje\">wi\u0119cej<\/a>\n                        <\/article>\n                    <\/div>\n                                                    \n                    <div class=\"col-sm-3\">\n                        <article class=\"format-gallery\">\n                            <span class=\"date text-right\"><i class=\"fa fa-calendar\"><\/i> 14-03-2023<\/span>\n                            <a href=\"https:\/\/glocal.pb.edu.pl\/lt\/2023\/03\/14\/17-ojoje-tarptautineje-konferencijoje-inted-2023\/\" title=\"17-ojoje tarptautin\u0117je konferencijoje INTED 2023\" class=\"article-image\"><img loading=\"lazy\" decoding=\"async\" width=\"480\" height=\"320\" src=\"https:\/\/glocal.pb.edu.pl\/lt\/wp-content\/uploads\/sites\/4\/2023\/04\/IN6-480x320.jpeg\" class=\"attachment-hp-box-size size-hp-box-size wp-post-image\" alt=\"\" \/><\/a>\n                            <h3><a href=\"https:\/\/glocal.pb.edu.pl\/lt\/2023\/03\/14\/17-ojoje-tarptautineje-konferencijoje-inted-2023\/\" title=\"17-ojoje tarptautin\u0117je konferencijoje INTED 2023\">17-ojoje tarptautin\u0117je konferencijoje INTED 2023<\/a><\/h3>                            \n                            Projektas Glocal Results buvo pristatytas 17-ojoje tarptautin\u0117je konferencijoje INTED 2023, vykusioje <a class=\"read-more\" href=\"https:\/\/glocal.pb.edu.pl\/lt\/2023\/03\/14\/17-ojoje-tarptautineje-konferencijoje-inted-2023\/\" title=\"17-ojoje tarptautin\u0117je konferencijoje INTED 2023\">wi\u0119cej<\/a>\n                        <\/article>\n                    <\/div>\n                                                    \n                    <div class=\"col-sm-3\">\n                        <article class=\"format-standard\">\n                            <span class=\"date text-right\"><i class=\"fa fa-calendar\"><\/i> 10-11-2022<\/span>\n                            <a href=\"https:\/\/glocal.pb.edu.pl\/lt\/2022\/11\/10\/natalija-rzepniewska-but-ir-glocal-vasaros-mokyklos-studente-atstovavo-glocal-projekta-konferencijoje-krokuvoje\/\" title=\"Natalija Rzepniewska, BUT ir Glocal vasaros mokyklos student\u0117, atstovavo Glocal projekt\u0105 konferencijoje Krokuvoje\" class=\"article-image\"><img loading=\"lazy\" decoding=\"async\" width=\"480\" height=\"320\" src=\"https:\/\/glocal.pb.edu.pl\/lt\/wp-content\/uploads\/sites\/4\/2023\/03\/Rzepniewska_Natalia-1-480x320.jpeg\" class=\"attachment-hp-box-size size-hp-box-size wp-post-image\" alt=\"Rzepniewska_Natalia\" \/><\/a>\n                            <h3><a href=\"https:\/\/glocal.pb.edu.pl\/lt\/2022\/11\/10\/natalija-rzepniewska-but-ir-glocal-vasaros-mokyklos-studente-atstovavo-glocal-projekta-konferencijoje-krokuvoje\/\" title=\"Natalija Rzepniewska, BUT ir Glocal vasaros mokyklos student\u0117, atstovavo Glocal projekt\u0105 konferencijoje Krokuvoje\">Natalija Rzepniewska, BUT ir Glocal vasaros mokyklos student\u0117, atstovavo Glocal projekt\u0105 konferencijoje Krokuvoje<\/a><\/h3>                            \n                            PB ir Glocal vasaros mokyklos student\u0117 Natalija Rzepniewska tarptautin\u0117je mokslin\u0117je konferencijoje <a class=\"read-more\" href=\"https:\/\/glocal.pb.edu.pl\/lt\/2022\/11\/10\/natalija-rzepniewska-but-ir-glocal-vasaros-mokyklos-studente-atstovavo-glocal-projekta-konferencijoje-krokuvoje\/\" title=\"Natalija Rzepniewska, BUT ir Glocal vasaros mokyklos student\u0117, atstovavo Glocal projekt\u0105 konferencijoje Krokuvoje\">wi\u0119cej<\/a>\n                        <\/article>\n                    <\/div>\n                                                    \n                    <div class=\"col-sm-3\">\n                        <article class=\"format-standard\">\n                            <span class=\"date text-right\"><i class=\"fa fa-calendar\"><\/i> 17-05-2022<\/span>\n                            <a href=\"https:\/\/glocal.pb.edu.pl\/lt\/2022\/05\/17\/musu-leidiniai-atkeliavo-i-itu-civilines-inzinerijos-biblioteka\/\" title=\"M\u016bs\u0173 leidiniai atkeliavo \u012f ITU Civilin\u0117s in\u017einerijos bibliotek\u0105\" class=\"article-image\"><img loading=\"lazy\" decoding=\"async\" width=\"480\" height=\"320\" src=\"https:\/\/glocal.pb.edu.pl\/lt\/wp-content\/uploads\/sites\/4\/2023\/03\/ITU-480x320.jpg\" class=\"attachment-hp-box-size size-hp-box-size wp-post-image\" alt=\"M\u016bs\u0173 leidiniai atkeliavo \u012f ITU Civilin\u0117s in\u017einerijos bibliotek\u0105\" \/><\/a>\n                            <h3><a href=\"https:\/\/glocal.pb.edu.pl\/lt\/2022\/05\/17\/musu-leidiniai-atkeliavo-i-itu-civilines-inzinerijos-biblioteka\/\" title=\"M\u016bs\u0173 leidiniai atkeliavo \u012f ITU Civilin\u0117s in\u017einerijos bibliotek\u0105\">M\u016bs\u0173 leidiniai atkeliavo \u012f ITU Civilin\u0117s in\u017einerijos bibliotek\u0105<\/a><\/h3>                            \n                            M\u016bs\u0173 leidiniai atkeliavo \u012f ITU Civilin\u0117s in\u017einerijos bibliotek\u0105 (Stambulas). A\u010di\u016b Pilar <a class=\"read-more\" href=\"https:\/\/glocal.pb.edu.pl\/lt\/2022\/05\/17\/musu-leidiniai-atkeliavo-i-itu-civilines-inzinerijos-biblioteka\/\" title=\"M\u016bs\u0173 leidiniai atkeliavo \u012f ITU Civilin\u0117s in\u017einerijos bibliotek\u0105\">wi\u0119cej<\/a>\n                        <\/article>\n                    <\/div>\n                                                    \n                    <div class=\"col-sm-3\">\n                        <article class=\"format-standard\">\n                            <span class=\"date text-right\"><i class=\"fa fa-calendar\"><\/i> 14-05-2022<\/span>\n                            <a href=\"https:\/\/glocal.pb.edu.pl\/lt\/2022\/05\/14\/bario-universiteto-italija-profesoriai\/\" title=\"Bario universiteto (Italija) profesoriai\" class=\"article-image\"><img loading=\"lazy\" decoding=\"async\" width=\"480\" height=\"320\" src=\"https:\/\/glocal.pb.edu.pl\/lt\/wp-content\/uploads\/sites\/4\/2023\/03\/Profesorowie-z-Uniwersytetu-w-Bari-W\u0142ochy-dostarcz\u0105-nasze-ksi\u0105\u017cki-do-swojej-Biblioteki-480x320.jpg\" class=\"attachment-hp-box-size size-hp-box-size wp-post-image\" alt=\"Profesorowie z Uniwersytetu w Bari (W\u0142ochy) dostarcz\u0105 nasze ksi\u0105\u017cki do swojej Biblioteki\" \/><\/a>\n                            <h3><a href=\"https:\/\/glocal.pb.edu.pl\/lt\/2022\/05\/14\/bario-universiteto-italija-profesoriai\/\" title=\"Bario universiteto (Italija) profesoriai\">Bario universiteto (Italija) profesoriai<\/a><\/h3>                            \n                            Bario universiteto (Italija) profesoriai pristatys m\u016bs\u0173 knygas \u012f savo bibliotek\u0105. A\u010di\u016b <a class=\"read-more\" href=\"https:\/\/glocal.pb.edu.pl\/lt\/2022\/05\/14\/bario-universiteto-italija-profesoriai\/\" title=\"Bario universiteto (Italija) profesoriai\">wi\u0119cej<\/a>\n                        <\/article>\n                    <\/div>\n                                                    \n                    <div class=\"col-sm-3\">\n                        <article class=\"format-standard\">\n                            <span class=\"date text-right\"><i class=\"fa fa-calendar\"><\/i> 16-03-2022<\/span>\n                            <a href=\"https:\/\/glocal.pb.edu.pl\/lt\/2022\/03\/16\/apsilankymas-mesinos-universitete-italija\/\" title=\"Apsilankymas Mesinos universitete (Italija)\" class=\"article-image\"><img loading=\"lazy\" decoding=\"async\" width=\"480\" height=\"320\" src=\"https:\/\/glocal.pb.edu.pl\/lt\/wp-content\/uploads\/sites\/4\/2023\/03\/GLOCAL3-480x320.jpg\" class=\"attachment-hp-box-size size-hp-box-size wp-post-image\" alt=\"Apsilankymas Mesinos universitete (Italija)\" \/><\/a>\n                            <h3><a href=\"https:\/\/glocal.pb.edu.pl\/lt\/2022\/03\/16\/apsilankymas-mesinos-universitete-italija\/\" title=\"Apsilankymas Mesinos universitete (Italija)\">Apsilankymas Mesinos universitete (Italija)<\/a><\/h3>                            \n                            Mesinos universitete (Italija) reklamavome projekt\u0105 Glocal Erasmus+ ir jo rezultatus. Bibliotekai <a class=\"read-more\" href=\"https:\/\/glocal.pb.edu.pl\/lt\/2022\/03\/16\/apsilankymas-mesinos-universitete-italija\/\" title=\"Apsilankymas Mesinos universitete (Italija)\">wi\u0119cej<\/a>\n                        <\/article>\n                    <\/div>\n                                                    \n                    <div class=\"col-sm-3\">\n                        <article class=\"format-standard\">\n                            <span class=\"date text-right\"><i class=\"fa fa-calendar\"><\/i> 15-03-2022<\/span>\n                            <a href=\"https:\/\/glocal.pb.edu.pl\/lt\/2022\/03\/15\/projekto-glocal-reklama-per-hibiwood-rygoje\/\" title=\"Projekto Glocal reklama per HiBiWood Rygoje\" class=\"article-image\"><img loading=\"lazy\" decoding=\"async\" width=\"480\" height=\"320\" src=\"https:\/\/glocal.pb.edu.pl\/lt\/wp-content\/uploads\/sites\/4\/2023\/03\/kolegija-480x320.jpg\" class=\"attachment-hp-box-size size-hp-box-size wp-post-image\" alt=\"\" \/><\/a>\n                            <h3><a href=\"https:\/\/glocal.pb.edu.pl\/lt\/2022\/03\/15\/projekto-glocal-reklama-per-hibiwood-rygoje\/\" title=\"Projekto Glocal reklama per HiBiWood Rygoje\">Projekto Glocal reklama per HiBiWood Rygoje<\/a><\/h3>                            \n                            Projekto Glocal reklama per HiBiWood Rygoje. A\u010di\u016b Egelei\ud83d\ude0a <a class=\"read-more\" href=\"https:\/\/glocal.pb.edu.pl\/lt\/2022\/03\/15\/projekto-glocal-reklama-per-hibiwood-rygoje\/\" title=\"Projekto Glocal reklama per HiBiWood Rygoje\">wi\u0119cej<\/a>\n                        <\/article>\n                    <\/div>\n                                                    \n                    <div class=\"col-sm-3\">\n                        <article class=\"format-standard\">\n                            <span class=\"date text-right\"><i class=\"fa fa-calendar\"><\/i> 02-12-2021<\/span>\n                            <a href=\"https:\/\/glocal.pb.edu.pl\/lt\/2021\/12\/02\/mes-reklamuojame-savo-rezultatus\/\" title=\"Mes reklamuojame savo rezultatus\" class=\"article-image\"><img loading=\"lazy\" decoding=\"async\" width=\"480\" height=\"320\" src=\"https:\/\/glocal.pb.edu.pl\/lt\/wp-content\/uploads\/sites\/4\/2023\/03\/artificial-intelligence-4389372_640-480x320.jpg\" class=\"attachment-hp-box-size size-hp-box-size wp-post-image\" alt=\"\" \/><\/a>\n                            <h3><a href=\"https:\/\/glocal.pb.edu.pl\/lt\/2021\/12\/02\/mes-reklamuojame-savo-rezultatus\/\" title=\"Mes reklamuojame savo rezultatus\">Mes reklamuojame savo rezultatus<\/a><\/h3>                            \n                            \u201eMiesto ateities\u201c ap\u017evalga pasirod\u0117 EGE \u2013 Expression Grafica en la Edificacion,, <a class=\"read-more\" href=\"https:\/\/glocal.pb.edu.pl\/lt\/2021\/12\/02\/mes-reklamuojame-savo-rezultatus\/\" title=\"Mes reklamuojame savo rezultatus\">wi\u0119cej<\/a>\n                        <\/article>\n                    <\/div>\n                                                    \n                    <div class=\"col-sm-3\">\n                        <article class=\"format-standard\">\n                            <span class=\"date text-right\"><i class=\"fa fa-calendar\"><\/i> 02-12-2021<\/span>\n                            <a href=\"https:\/\/glocal.pb.edu.pl\/lt\/2021\/12\/02\/2021-m-balstoges-technologijos-universiteto-svente\/\" title=\"2021 m. Balstog\u0117s technologijos universiteto \u0161vent\u0117\" class=\"article-image\"><img loading=\"lazy\" decoding=\"async\" width=\"480\" height=\"320\" src=\"https:\/\/glocal.pb.edu.pl\/lt\/wp-content\/uploads\/sites\/4\/2023\/03\/Obraz3-480x320.jpg\" class=\"attachment-hp-box-size size-hp-box-size wp-post-image\" alt=\"Balstog\u0117s technologijos universiteto \u0161vent\u0117\" \/><\/a>\n                            <h3><a href=\"https:\/\/glocal.pb.edu.pl\/lt\/2021\/12\/02\/2021-m-balstoges-technologijos-universiteto-svente\/\" title=\"2021 m. Balstog\u0117s technologijos universiteto \u0161vent\u0117\">2021 m. Balstog\u0117s technologijos universiteto \u0161vent\u0117<\/a><\/h3>                            \n                            Nela Galimska, BUT erdvin\u0117s ekonomikos absolvent\u0117, gavo Balstog\u0117s prezidento apdovanojim\u0105 u\u017e <a class=\"read-more\" href=\"https:\/\/glocal.pb.edu.pl\/lt\/2021\/12\/02\/2021-m-balstoges-technologijos-universiteto-svente\/\" title=\"2021 m. Balstog\u0117s technologijos universiteto \u0161vent\u0117\">wi\u0119cej<\/a>\n                        <\/article>\n                    <\/div>\n                                                    \n                    <div class=\"col-sm-3\">\n                        <article class=\"format-standard\">\n                            <span class=\"date text-right\"><i class=\"fa fa-calendar\"><\/i> 27-11-2021<\/span>\n                            <a href=\"https:\/\/glocal.pb.edu.pl\/lt\/2021\/11\/27\/mokytoju-vizitas-is-kvk-i-pb\/\" title=\"Mokytoj\u0173 vizitas i\u0161 KVK \u012f PB\" class=\"article-image\"><img loading=\"lazy\" decoding=\"async\" width=\"480\" height=\"320\" src=\"https:\/\/glocal.pb.edu.pl\/lt\/wp-content\/uploads\/sites\/4\/2023\/03\/PB1-480x320.jpg\" class=\"attachment-hp-box-size size-hp-box-size wp-post-image\" alt=\"Mokytoj\u0173 vizitas i\u0161 KVK \u012f PB\" \/><\/a>\n                            <h3><a href=\"https:\/\/glocal.pb.edu.pl\/lt\/2021\/11\/27\/mokytoju-vizitas-is-kvk-i-pb\/\" title=\"Mokytoj\u0173 vizitas i\u0161 KVK \u012f PB\">Mokytoj\u0173 vizitas i\u0161 KVK \u012f PB<\/a><\/h3>                            \n                            Pra\u0117jusi\u0105 savait\u0119 (11.21 15-19) vykdant Erasmus+ mobilum\u0105, Civilini\u0173 ir aplinkos moksl\u0173 <a class=\"read-more\" href=\"https:\/\/glocal.pb.edu.pl\/lt\/2021\/11\/27\/mokytoju-vizitas-is-kvk-i-pb\/\" title=\"Mokytoj\u0173 vizitas i\u0161 KVK \u012f PB\">wi\u0119cej<\/a>\n                        <\/article>\n                    <\/div>\n                                                    \n                    <div class=\"col-sm-3\">\n                        <article class=\"format-gallery\">\n                            <span class=\"date text-right\"><i class=\"fa fa-calendar\"><\/i> 20-10-2021<\/span>\n                            <a href=\"https:\/\/glocal.pb.edu.pl\/lt\/2021\/10\/20\/erasmus-dienos-2021-m-universidad-politecnica-de-madrid\/\" title=\"\u201eErasmus\u201c dienos 2021 m. \u201eUniversidad Politecnica de Madrid\u201c\" class=\"article-image\"><img loading=\"lazy\" decoding=\"async\" width=\"480\" height=\"320\" src=\"https:\/\/glocal.pb.edu.pl\/lt\/wp-content\/uploads\/sites\/4\/2023\/03\/2021-10-14-ErasmusDay-F1-480x320.jpg\" class=\"attachment-hp-box-size size-hp-box-size wp-post-image\" alt=\"\" \/><\/a>\n                            <h3><a href=\"https:\/\/glocal.pb.edu.pl\/lt\/2021\/10\/20\/erasmus-dienos-2021-m-universidad-politecnica-de-madrid\/\" title=\"\u201eErasmus\u201c dienos 2021 m. \u201eUniversidad Politecnica de Madrid\u201c\">\u201eErasmus\u201c dienos 2021 m. \u201eUniversidad Politecnica de Madrid\u201c<\/a><\/h3>                            \n                            2010.101.2021 \u201eGlocal\u201c projektas buvo pristatytas kaip \u201eErasmus Days 2021\u201c dalis Madride, <a class=\"read-more\" href=\"https:\/\/glocal.pb.edu.pl\/lt\/2021\/10\/20\/erasmus-dienos-2021-m-universidad-politecnica-de-madrid\/\" title=\"\u201eErasmus\u201c dienos 2021 m. \u201eUniversidad Politecnica de Madrid\u201c\">wi\u0119cej<\/a>\n                        <\/article>\n                    <\/div>\n                                                    \n                    <div class=\"col-sm-3\">\n                        <article class=\"format-standard\">\n                            <span class=\"date text-right\"><i class=\"fa fa-calendar\"><\/i> 23-09-2021<\/span>\n                            <a href=\"https:\/\/glocal.pb.edu.pl\/lt\/2021\/09\/23\/konferencijoje-tvari-aplinkos-pletra-novatoriskos-technologijos\/\" title=\"Konferencijoje \u201eTvari aplinkos pl\u0117tra: novatori\u0161kos technologijos\u201c\" class=\"article-image\"><img loading=\"lazy\" decoding=\"async\" width=\"480\" height=\"320\" src=\"https:\/\/glocal.pb.edu.pl\/lt\/wp-content\/uploads\/sites\/4\/2023\/03\/GLOCAL1-480x320.jpg\" class=\"attachment-hp-box-size size-hp-box-size wp-post-image\" alt=\"konferencijoje \u201eTvari aplinkos pl\u0117tra: novatori\u0161kos technologijos\u201c\" \/><\/a>\n                            <h3><a href=\"https:\/\/glocal.pb.edu.pl\/lt\/2021\/09\/23\/konferencijoje-tvari-aplinkos-pletra-novatoriskos-technologijos\/\" title=\"Konferencijoje \u201eTvari aplinkos pl\u0117tra: novatori\u0161kos technologijos\u201c\">Konferencijoje \u201eTvari aplinkos pl\u0117tra: novatori\u0161kos technologijos\u201c<\/a><\/h3>                            \n                            Glocal mokytojai dalyvavo tarptautin\u0117je mokslin\u0117je-praktin\u0117je konferencijoje \u201eTvari aplinkos pl\u0117tra: novatori\u0161kos technologijos\u201c <a class=\"read-more\" href=\"https:\/\/glocal.pb.edu.pl\/lt\/2021\/09\/23\/konferencijoje-tvari-aplinkos-pletra-novatoriskos-technologijos\/\" title=\"Konferencijoje \u201eTvari aplinkos pl\u0117tra: novatori\u0161kos technologijos\u201c\">wi\u0119cej<\/a>\n                        <\/article>\n                    <\/div>\n                                       \n        <\/div>\n        \n\t<nav class=\"navigation pagination\" aria-label=\"Posts pagination\">\n\t\t<h2 class=\"screen-reader-text\">Posts pagination<\/h2>\n\t\t<div class=\"nav-links\"><span aria-current=\"page\" class=\"page-numbers current\">1<\/span>\n<a class=\"page-numbers\" href=\"https:\/\/glocal.pb.edu.pl\/lt\/wp-json\/wp\/v2\/pages\/34\/page\/2\/\">2<\/a>\n<a class=\"next page-numbers\" href=\"https:\/\/glocal.pb.edu.pl\/lt\/wp-json\/wp\/v2\/pages\/34\/page\/2\/\">Nast\u0119pne<\/a><\/div>\n\t<\/nav>           \n                                \n    <\/div>\n    \n","protected":false},"excerpt":{"rendered":"","protected":false},"author":2,"featured_media":0,"parent":0,"menu_order":5,"comment_status":"closed","ping_status":"closed","template":"","meta":{"ngg_post_thumbnail":0,"footnotes":""},"class_list":["post-34","page","type-page","status-publish","hentry"],"_links":{"self":[{"href":"https:\/\/glocal.pb.edu.pl\/lt\/wp-json\/wp\/v2\/pages\/34","targetHints":{"allow":["GET"]}}],"collection":[{"href":"https:\/\/glocal.pb.edu.pl\/lt\/wp-json\/wp\/v2\/pages"}],"about":[{"href":"https:\/\/glocal.pb.edu.pl\/lt\/wp-json\/wp\/v2\/types\/page"}],"author":[{"embeddable":true,"href":"https:\/\/glocal.pb.edu.pl\/lt\/wp-json\/wp\/v2\/users\/2"}],"replies":[{"embeddable":true,"href":"https:\/\/glocal.pb.edu.pl\/lt\/wp-json\/wp\/v2\/comments?post=34"}],"version-history":[{"count":2,"href":"https:\/\/glocal.pb.edu.pl\/lt\/wp-json\/wp\/v2\/pages\/34\/revisions"}],"predecessor-version":[{"id":71,"href":"https:\/\/glocal.pb.edu.pl\/lt\/wp-json\/wp\/v2\/pages\/34\/revisions\/71"}],"wp:attachment":[{"href":"https:\/\/glocal.pb.edu.pl\/lt\/wp-json\/wp\/v2\/media?parent=34"}],"curies":[{"name":"wp","href":"https:\/\/api.w.org\/{rel}","templated":true}]}}