{"id":42,"date":"2020-02-02T16:55:30","date_gmt":"2020-02-02T15:55:30","guid":{"rendered":"http:\/\/glocal.pb.edu.pl\/lt\/?page_id=42"},"modified":"2022-12-16T13:20:02","modified_gmt":"2022-12-16T12:20:02","slug":"multiplier-events","status":"publish","type":"page","link":"https:\/\/glocal.pb.edu.pl\/lt\/multiplier-events\/","title":{"rendered":"Multiplier events"},"content":{"rendered":"    <div class=\"box news-box\">       \n        <div class=\"row\">\n            \n                                                            \n                    <div class=\"col-sm-3\">\n                        <article class=\"format-gallery\">\n                            <span class=\"date text-right\"><i class=\"fa fa-calendar\"><\/i> 18-12-2022<\/span>\n                            <a href=\"https:\/\/glocal.pb.edu.pl\/lt\/2022\/12\/18\/7-asis-palenkes-susitikimas-su-krastovaizdzio-architektura-2022-12-16-e1\/\" title=\"7-asis Palenk\u0117s susitikimas su kra\u0161tovaizd\u017eio architekt\u016bra (2022-12-16) (E1)\" class=\"article-image\"><img loading=\"lazy\" decoding=\"async\" width=\"480\" height=\"320\" src=\"https:\/\/glocal.pb.edu.pl\/lt\/wp-content\/uploads\/sites\/4\/2023\/02\/2022_12_16_Podlaskie_Spotkania_z_Architektura-15-480x320.jpg\" class=\"attachment-hp-box-size size-hp-box-size wp-post-image\" alt=\"7-asis Palenk\u0117s susitikimas su kra\u0161tovaizd\u017eio architekt\u016bra (2022-12-16) (E1)\" \/><\/a>\n                            <h3><a href=\"https:\/\/glocal.pb.edu.pl\/lt\/2022\/12\/18\/7-asis-palenkes-susitikimas-su-krastovaizdzio-architektura-2022-12-16-e1\/\" title=\"7-asis Palenk\u0117s susitikimas su kra\u0161tovaizd\u017eio architekt\u016bra (2022-12-16) (E1)\">7-asis Palenk\u0117s susitikimas su kra\u0161tovaizd\u017eio architekt\u016bra (2022-12-16) (E1)<\/a><\/h3>                            \n                            2022 m. gruod\u017eio 16 d. \u012fvyko eilinis 7-asis PODLASKIE MEETINGS WITH <a class=\"read-more\" href=\"https:\/\/glocal.pb.edu.pl\/lt\/2022\/12\/18\/7-asis-palenkes-susitikimas-su-krastovaizdzio-architektura-2022-12-16-e1\/\" title=\"7-asis Palenk\u0117s susitikimas su kra\u0161tovaizd\u017eio architekt\u016bra (2022-12-16) (E1)\">wi\u0119cej<\/a>\n                        <\/article>\n                    <\/div>\n                                       \n        <\/div>\n                   \n                                \n    <\/div>\n    \n","protected":false},"excerpt":{"rendered":"","protected":false},"author":2,"featured_media":0,"parent":0,"menu_order":8,"comment_status":"closed","ping_status":"closed","template":"","meta":{"ngg_post_thumbnail":0,"footnotes":""},"class_list":["post-42","page","type-page","status-publish","hentry"],"_links":{"self":[{"href":"https:\/\/glocal.pb.edu.pl\/lt\/wp-json\/wp\/v2\/pages\/42","targetHints":{"allow":["GET"]}}],"collection":[{"href":"https:\/\/glocal.pb.edu.pl\/lt\/wp-json\/wp\/v2\/pages"}],"about":[{"href":"https:\/\/glocal.pb.edu.pl\/lt\/wp-json\/wp\/v2\/types\/page"}],"author":[{"embeddable":true,"href":"https:\/\/glocal.pb.edu.pl\/lt\/wp-json\/wp\/v2\/users\/2"}],"replies":[{"embeddable":true,"href":"https:\/\/glocal.pb.edu.pl\/lt\/wp-json\/wp\/v2\/comments?post=42"}],"version-history":[{"count":3,"href":"https:\/\/glocal.pb.edu.pl\/lt\/wp-json\/wp\/v2\/pages\/42\/revisions"}],"predecessor-version":[{"id":243,"href":"https:\/\/glocal.pb.edu.pl\/lt\/wp-json\/wp\/v2\/pages\/42\/revisions\/243"}],"wp:attachment":[{"href":"https:\/\/glocal.pb.edu.pl\/lt\/wp-json\/wp\/v2\/media?parent=42"}],"curies":[{"name":"wp","href":"https:\/\/api.w.org\/{rel}","templated":true}]}}